{"id":386567,"date":"2025-06-17T15:32:29","date_gmt":"2025-06-17T13:32:29","guid":{"rendered":"https:\/\/maisoncleo.com\/?post_type=product&#038;p=386567"},"modified":"2026-04-22T10:45:20","modified_gmt":"2026-04-22T08:45:20","slug":"robe-janie-babydoll-en-coton-blanc-copy","status":"publish","type":"product","link":"https:\/\/maisoncleo.com\/fr\/shop\/robe-janie-babydoll-en-coton-blanc-copy\/","title":{"rendered":"LA G\u00c2T\u00c9E &#8211; La robe de mari\u00e9e en soie Chouchou version longue"},"content":{"rendered":"<p><span style=\"font-weight: 400;\">\u00a0La robe de mari\u00e9e Chouchou version longue! Robe longue en soie blanc cass\u00e9 en deux parties, chacune bord\u00e9es de chouchous tout le tour des deux parties de la robe, fabriqu\u00e9s et cousus \u00e0 la main. Coupe droite, fluide et l\u00e9g\u00e8rement trap\u00e8ze coupe sir\u00e8ne dans le bas, fines bretelles. 100% soie. Doubl\u00e9e. La mod\u00e8le mesure 1m73 et porte une taille S\/36.<\/span><\/p>\n<p>Nous avons besoin de plus d&rsquo;un jour et demi pour confectionner une robe.<\/p>\n<p><span style=\"font-weight: 400;\">Look faisant partie de notre d\u00e9fil\u00e9 printemps-\u00e9t\u00e9 2025 \u201cLa G\u00e2t\u00e9e\u201d pr\u00e9sent\u00e9 \u00e0 Marseille le 9 Juin lors de la Slow Fashion Week, ode au Sud de la France et \u00e0 l\u2019esprit proven\u00e7al. <\/span><\/p>\n","protected":false},"excerpt":{"rendered":"<p>\u00a0La robe de mari\u00e9e Chouchou version longue! Robe longue en soie blanc cass\u00e9 en deux parties, chacune bord\u00e9es de chouchous tout le&hellip;<\/p>\n","protected":false},"featured_media":386575,"template":"","meta":[],"product_brand":[],"product_cat":[671,958,668,664,661],"product_tag":[],"class_list":{"0":"post-386567","1":"product","2":"type-product","3":"status-publish","4":"has-post-thumbnail","6":"product_cat-defiles","7":"product_cat-mariage-selection","8":"product_cat-capsule","9":"product_cat-robes","10":"product_cat-tout-voir","12":"first","13":"instock","14":"taxable","15":"shipping-taxable","16":"purchasable","17":"product-type-variable"},"_links":{"self":[{"href":"https:\/\/maisoncleo.com\/fr\/wp-json\/wp\/v2\/product\/386567","targetHints":{"allow":["GET"]}}],"collection":[{"href":"https:\/\/maisoncleo.com\/fr\/wp-json\/wp\/v2\/product"}],"about":[{"href":"https:\/\/maisoncleo.com\/fr\/wp-json\/wp\/v2\/types\/product"}],"version-history":[{"count":2,"href":"https:\/\/maisoncleo.com\/fr\/wp-json\/wp\/v2\/product\/386567\/revisions"}],"predecessor-version":[{"id":400148,"href":"https:\/\/maisoncleo.com\/fr\/wp-json\/wp\/v2\/product\/386567\/revisions\/400148"}],"wp:featuredmedia":[{"embeddable":true,"href":"https:\/\/maisoncleo.com\/fr\/wp-json\/wp\/v2\/media\/386575"}],"wp:attachment":[{"href":"https:\/\/maisoncleo.com\/fr\/wp-json\/wp\/v2\/media?parent=386567"}],"wp:term":[{"taxonomy":"product_brand","embeddable":true,"href":"https:\/\/maisoncleo.com\/fr\/wp-json\/wp\/v2\/product_brand?post=386567"},{"taxonomy":"product_cat","embeddable":true,"href":"https:\/\/maisoncleo.com\/fr\/wp-json\/wp\/v2\/product_cat?post=386567"},{"taxonomy":"product_tag","embeddable":true,"href":"https:\/\/maisoncleo.com\/fr\/wp-json\/wp\/v2\/product_tag?post=386567"}],"curies":[{"name":"wp","href":"https:\/\/api.w.org\/{rel}","templated":true}]}}