{"id":386340,"date":"2025-06-13T17:19:07","date_gmt":"2025-06-13T15:19:07","guid":{"rendered":"https:\/\/maisoncleo.com\/?post_type=product&#038;p=386340"},"modified":"2025-10-05T05:52:16","modified_gmt":"2025-10-05T03:52:16","slug":"runway-look-13-lunettes-ecailles-de-tortue-claires-cleo-x-emmanuelle-khanh-copy","status":"publish","type":"product","link":"https:\/\/maisoncleo.com\/fr\/shop\/runway-look-13-lunettes-ecailles-de-tortue-claires-cleo-x-emmanuelle-khanh-copy\/","title":{"rendered":"La Cl\u00e9o &#8211; Lunettes de soleil cr\u00e8me Jimmy Fairly x MaisonCl\u00e9o"},"content":{"rendered":"<p>Nous avons collabor\u00e9 avec Jimmy Fairly pour cr\u00e9er cette paire de lunettes de soleil fabriqu\u00e9e en France en \u00e9dition limit\u00e9e \u00e0 l&rsquo;occasion de notre d\u00e9fil\u00e9 printemps-\u00e9t\u00e9 2025 \u00ab\u00a0La G\u00e2t\u00e9e\u00a0\u00bb. La forme vient d&rsquo;une inspiration des lunettes de soleil que portait notre fondatrice Marie dans les ann\u00e9es 90 quand elle \u00e9tait plus jeune. La Cl\u00e9o existe en noir, \u00e9caille de tortue marron et cr\u00e8me. Choisissez votre couleur pr\u00e9f\u00e9r\u00e9e!<\/p>\n<ul>\n<li>Monture en ac\u00e9tate de cellulose.<\/li>\n<li>Monture ovale.<\/li>\n<li>Charni\u00e8re en m\u00e9tal 5 points. Origine : Allemagne. Offre une grande r\u00e9sistance \u00e0 la manipulation.<\/li>\n<li>Fabrication en France \u00e0 Oyonnax.<\/li>\n<\/ul>\n","protected":false},"excerpt":{"rendered":"<p>Nous avons collabor\u00e9 avec Jimmy Fairly pour cr\u00e9er cette paire de lunettes de soleil fabriqu\u00e9e en France en \u00e9dition limit\u00e9e \u00e0 l&rsquo;occasion&hellip;<\/p>\n","protected":false},"featured_media":386360,"template":"","meta":[],"product_brand":[],"product_cat":[651,671,660,668,661],"product_tag":[],"class_list":{"0":"post-386340","1":"product","2":"type-product","3":"status-publish","4":"has-post-thumbnail","6":"product_cat-accessoires","7":"product_cat-defiles","8":"product_cat-lunettes-de-soleil","9":"product_cat-capsule","10":"product_cat-tout-voir","12":"first","13":"instock","14":"taxable","15":"shipping-taxable","16":"purchasable","17":"product-type-variable"},"_links":{"self":[{"href":"https:\/\/maisoncleo.com\/fr\/wp-json\/wp\/v2\/product\/386340","targetHints":{"allow":["GET"]}}],"collection":[{"href":"https:\/\/maisoncleo.com\/fr\/wp-json\/wp\/v2\/product"}],"about":[{"href":"https:\/\/maisoncleo.com\/fr\/wp-json\/wp\/v2\/types\/product"}],"version-history":[{"count":2,"href":"https:\/\/maisoncleo.com\/fr\/wp-json\/wp\/v2\/product\/386340\/revisions"}],"predecessor-version":[{"id":386378,"href":"https:\/\/maisoncleo.com\/fr\/wp-json\/wp\/v2\/product\/386340\/revisions\/386378"}],"wp:featuredmedia":[{"embeddable":true,"href":"https:\/\/maisoncleo.com\/fr\/wp-json\/wp\/v2\/media\/386360"}],"wp:attachment":[{"href":"https:\/\/maisoncleo.com\/fr\/wp-json\/wp\/v2\/media?parent=386340"}],"wp:term":[{"taxonomy":"product_brand","embeddable":true,"href":"https:\/\/maisoncleo.com\/fr\/wp-json\/wp\/v2\/product_brand?post=386340"},{"taxonomy":"product_cat","embeddable":true,"href":"https:\/\/maisoncleo.com\/fr\/wp-json\/wp\/v2\/product_cat?post=386340"},{"taxonomy":"product_tag","embeddable":true,"href":"https:\/\/maisoncleo.com\/fr\/wp-json\/wp\/v2\/product_tag?post=386340"}],"curies":[{"name":"wp","href":"https:\/\/api.w.org\/{rel}","templated":true}]}}