{"id":385891,"date":"2025-04-19T16:49:36","date_gmt":"2025-04-19T14:49:36","guid":{"rendered":"https:\/\/maisoncleo.com\/shop\/ready-to-ship-dos-nu-strass-argentes-sequins\/"},"modified":"2025-04-19T16:50:41","modified_gmt":"2025-04-19T14:50:41","slug":"ready-to-ship-dos-nu-strass-argentes-sequins","status":"publish","type":"product","link":"https:\/\/maisoncleo.com\/fr\/shop\/ready-to-ship-dos-nu-strass-argentes-sequins\/","title":{"rendered":"READY-TO-SHIP &#8211; Dos nu strass argent\u00e9s sequins"},"content":{"rendered":"<p>Dos nu strass argent\u00e9s. Fine cha\u00eene argent\u00e9e liant le top derri\u00e8re la nuque et dans le bas du dos. Assemblage dans un strass style r\u00e9sille r\u00e9alis\u00e9 dans le nord de la France.<\/p>\n<p>LOOK 25 de notre premier d\u00e9fil\u00e9 \u00ab\u00a0Premi\u00e8re Fois\u00a0\u00bb en mars 2022.<\/p>\n<p>La mod\u00e8le mesure 1m75 et porte une taille S-36.<\/p>\n","protected":false},"excerpt":{"rendered":"<p>Dos nu strass argent\u00e9s. Fine cha\u00eene argent\u00e9e liant le top derri\u00e8re la nuque et dans le bas du dos. Assemblage dans un&hellip;<\/p>\n","protected":false},"featured_media":341752,"template":"","meta":[],"product_brand":[],"product_cat":[913],"product_tag":[],"class_list":{"0":"post-385891","1":"product","2":"type-product","3":"status-publish","4":"has-post-thumbnail","6":"product_cat-ready-to-ship","7":"pa_taille-s-36-2","9":"first","10":"outofstock","11":"taxable","12":"shipping-taxable","13":"purchasable","14":"product-type-variable"},"_links":{"self":[{"href":"https:\/\/maisoncleo.com\/fr\/wp-json\/wp\/v2\/product\/385891","targetHints":{"allow":["GET"]}}],"collection":[{"href":"https:\/\/maisoncleo.com\/fr\/wp-json\/wp\/v2\/product"}],"about":[{"href":"https:\/\/maisoncleo.com\/fr\/wp-json\/wp\/v2\/types\/product"}],"version-history":[{"count":1,"href":"https:\/\/maisoncleo.com\/fr\/wp-json\/wp\/v2\/product\/385891\/revisions"}],"predecessor-version":[{"id":385893,"href":"https:\/\/maisoncleo.com\/fr\/wp-json\/wp\/v2\/product\/385891\/revisions\/385893"}],"wp:featuredmedia":[{"embeddable":true,"href":"https:\/\/maisoncleo.com\/fr\/wp-json\/wp\/v2\/media\/341752"}],"wp:attachment":[{"href":"https:\/\/maisoncleo.com\/fr\/wp-json\/wp\/v2\/media?parent=385891"}],"wp:term":[{"taxonomy":"product_brand","embeddable":true,"href":"https:\/\/maisoncleo.com\/fr\/wp-json\/wp\/v2\/product_brand?post=385891"},{"taxonomy":"product_cat","embeddable":true,"href":"https:\/\/maisoncleo.com\/fr\/wp-json\/wp\/v2\/product_cat?post=385891"},{"taxonomy":"product_tag","embeddable":true,"href":"https:\/\/maisoncleo.com\/fr\/wp-json\/wp\/v2\/product_tag?post=385891"}],"curies":[{"name":"wp","href":"https:\/\/api.w.org\/{rel}","templated":true}]}}