{"id":385826,"date":"2025-04-16T16:58:48","date_gmt":"2025-04-16T14:58:48","guid":{"rendered":"https:\/\/maisoncleo.com\/shop\/robe-en-tweed-de-coton-rose-fuchsia-safia\/"},"modified":"2025-10-01T11:31:44","modified_gmt":"2025-10-01T09:31:44","slug":"robe-en-tweed-de-coton-rose-fuchsia-safia","status":"publish","type":"product","link":"https:\/\/maisoncleo.com\/fr\/shop\/robe-en-tweed-de-coton-rose-fuchsia-safia\/","title":{"rendered":"Robe en tweed de coton rose fuchsia Safia"},"content":{"rendered":"<p>Robe en tweed de coton rose fuchsia, sans manches, coupe l\u00e9g\u00e8rement trap\u00e8ze, pli sur le devant, fermeture invisible dans le dos.<\/p>\n<p>Longueur : 76 cm. La mod\u00e8le mesure 1m68 et porte une taille 34\/XS.<\/p>\n","protected":false},"excerpt":{"rendered":"<p>Robe en tweed de coton rose fuchsia, sans manches, coupe l\u00e9g\u00e8rement trap\u00e8ze, pli sur le devant, fermeture invisible dans le dos. Longueur&hellip;<\/p>\n","protected":false},"featured_media":385810,"template":"","meta":[],"product_brand":[],"product_cat":[668,664,661],"product_tag":[],"class_list":{"0":"post-385826","1":"product","2":"type-product","3":"status-publish","4":"has-post-thumbnail","6":"product_cat-capsule","7":"product_cat-robes","8":"product_cat-tout-voir","9":"pa_taille-l-40-2","10":"pa_taille-m-38-2","11":"pa_taille-s-36-2","12":"pa_taille-sur-mesure-fr-2","13":"pa_taille-xl-42-fr-2","14":"pa_taille-xs-34-2","16":"first","17":"outofstock","18":"taxable","19":"shipping-taxable","20":"purchasable","21":"product-type-variable"},"_links":{"self":[{"href":"https:\/\/maisoncleo.com\/fr\/wp-json\/wp\/v2\/product\/385826","targetHints":{"allow":["GET"]}}],"collection":[{"href":"https:\/\/maisoncleo.com\/fr\/wp-json\/wp\/v2\/product"}],"about":[{"href":"https:\/\/maisoncleo.com\/fr\/wp-json\/wp\/v2\/types\/product"}],"version-history":[{"count":1,"href":"https:\/\/maisoncleo.com\/fr\/wp-json\/wp\/v2\/product\/385826\/revisions"}],"predecessor-version":[{"id":385833,"href":"https:\/\/maisoncleo.com\/fr\/wp-json\/wp\/v2\/product\/385826\/revisions\/385833"}],"wp:featuredmedia":[{"embeddable":true,"href":"https:\/\/maisoncleo.com\/fr\/wp-json\/wp\/v2\/media\/385810"}],"wp:attachment":[{"href":"https:\/\/maisoncleo.com\/fr\/wp-json\/wp\/v2\/media?parent=385826"}],"wp:term":[{"taxonomy":"product_brand","embeddable":true,"href":"https:\/\/maisoncleo.com\/fr\/wp-json\/wp\/v2\/product_brand?post=385826"},{"taxonomy":"product_cat","embeddable":true,"href":"https:\/\/maisoncleo.com\/fr\/wp-json\/wp\/v2\/product_cat?post=385826"},{"taxonomy":"product_tag","embeddable":true,"href":"https:\/\/maisoncleo.com\/fr\/wp-json\/wp\/v2\/product_tag?post=385826"}],"curies":[{"name":"wp","href":"https:\/\/api.w.org\/{rel}","templated":true}]}}