{"id":385727,"date":"2025-04-12T11:40:46","date_gmt":"2025-04-12T09:40:46","guid":{"rendered":"https:\/\/maisoncleo.com\/shop\/robe-carine-asymetrique-jaune-soleil-en-mousseline-de-soie-fleuri\/"},"modified":"2025-06-12T20:16:04","modified_gmt":"2025-06-12T18:16:04","slug":"robe-carine-asymetrique-jaune-soleil-en-mousseline-de-soie-fleuri","status":"publish","type":"product","link":"https:\/\/maisoncleo.com\/fr\/shop\/robe-carine-asymetrique-jaune-soleil-en-mousseline-de-soie-fleuri\/","title":{"rendered":"Robe Carine asym\u00e9trique jaune soleil en mousseline de soie fleuri"},"content":{"rendered":"<p>Robe asym\u00e9trique jaune soleil en mousseline de soie fleuri, ajust\u00e9e, volants asym\u00e9triques dans le bas, plis sur la poitrine, manches courtes transparentes, d\u00e9collet\u00e9 en V, fermeture \u00e9clair invisible sur le c\u00f4t\u00e9.<\/p>\n<p>Tissu en mousseline de soie provenant des r\u00eaves de Carrie Bradshaw.<\/p>\n<p>Doubl\u00e9e avec de la soie \u00e9crue. Longueur : 96 cm. La mod\u00e8le mesure 1m68 et porte une taille 34.<\/p>\n","protected":false},"excerpt":{"rendered":"<p>Robe asym\u00e9trique jaune soleil en mousseline de soie fleuri, ajust\u00e9e, volants asym\u00e9triques dans le bas, plis sur la poitrine, manches courtes transparentes,&hellip;<\/p>\n","protected":false},"featured_media":385569,"template":"","meta":[],"product_brand":[],"product_cat":[668,664,661],"product_tag":[],"class_list":{"0":"post-385727","1":"product","2":"type-product","3":"status-publish","4":"has-post-thumbnail","6":"product_cat-capsule","7":"product_cat-robes","8":"product_cat-tout-voir","9":"pa_taille-l-40-2","10":"pa_taille-m-38-2","11":"pa_taille-s-36-2","12":"pa_taille-sur-mesure-fr-2","13":"pa_taille-xl-42-fr-2","14":"pa_taille-xs-34-2","16":"first","17":"outofstock","18":"taxable","19":"shipping-taxable","20":"purchasable","21":"product-type-variable"},"_links":{"self":[{"href":"https:\/\/maisoncleo.com\/fr\/wp-json\/wp\/v2\/product\/385727","targetHints":{"allow":["GET"]}}],"collection":[{"href":"https:\/\/maisoncleo.com\/fr\/wp-json\/wp\/v2\/product"}],"about":[{"href":"https:\/\/maisoncleo.com\/fr\/wp-json\/wp\/v2\/types\/product"}],"version-history":[{"count":1,"href":"https:\/\/maisoncleo.com\/fr\/wp-json\/wp\/v2\/product\/385727\/revisions"}],"predecessor-version":[{"id":385733,"href":"https:\/\/maisoncleo.com\/fr\/wp-json\/wp\/v2\/product\/385727\/revisions\/385733"}],"wp:featuredmedia":[{"embeddable":true,"href":"https:\/\/maisoncleo.com\/fr\/wp-json\/wp\/v2\/media\/385569"}],"wp:attachment":[{"href":"https:\/\/maisoncleo.com\/fr\/wp-json\/wp\/v2\/media?parent=385727"}],"wp:term":[{"taxonomy":"product_brand","embeddable":true,"href":"https:\/\/maisoncleo.com\/fr\/wp-json\/wp\/v2\/product_brand?post=385727"},{"taxonomy":"product_cat","embeddable":true,"href":"https:\/\/maisoncleo.com\/fr\/wp-json\/wp\/v2\/product_cat?post=385727"},{"taxonomy":"product_tag","embeddable":true,"href":"https:\/\/maisoncleo.com\/fr\/wp-json\/wp\/v2\/product_tag?post=385727"}],"curies":[{"name":"wp","href":"https:\/\/api.w.org\/{rel}","templated":true}]}}