{"id":385697,"date":"2025-04-13T12:56:01","date_gmt":"2025-04-13T10:56:01","guid":{"rendered":"https:\/\/maisoncleo.com\/shop\/gilet-tricote-mohair-vert-clair-stephanie\/"},"modified":"2025-04-15T22:19:18","modified_gmt":"2025-04-15T20:19:18","slug":"gilet-tricote-mohair-vert-clair-stephanie","status":"publish","type":"product","link":"https:\/\/maisoncleo.com\/fr\/shop\/gilet-tricote-mohair-vert-clair-stephanie\/","title":{"rendered":"Gilet tricot\u00e9 mohair vert clair St\u00e9phanie"},"content":{"rendered":"<p>Gilet tricot\u00e9 mohair vert clair, manches courtes, petit col pointu, fermeture par 5 petits boutons avec brides sur le devant.<\/p>\n<p>Mix de mohair doux et laine. Le cardigan tout mignon!<\/p>\n<p>Longueur : 45 cm. La mod\u00e8le mesure 1m68 et porte une taille 34.<\/p>\n","protected":false},"excerpt":{"rendered":"<p>Gilet tricot\u00e9 mohair vert clair, manches courtes, petit col pointu, fermeture par 5 petits boutons avec brides sur le devant. Mix de&hellip;<\/p>\n","protected":false},"featured_media":385514,"template":"","meta":[],"product_brand":[],"product_cat":[683,668,661],"product_tag":[],"class_list":{"0":"post-385697","1":"product","2":"type-product","3":"status-publish","4":"has-post-thumbnail","6":"product_cat-cardigans","7":"product_cat-capsule","8":"product_cat-tout-voir","9":"pa_taille-l-40-2","10":"pa_taille-m-38-2","11":"pa_taille-s-36-2","12":"pa_taille-sur-mesure-fr-2","13":"pa_taille-xl-42-fr-2","14":"pa_taille-xs-34-2","16":"first","17":"instock","18":"taxable","19":"shipping-taxable","20":"purchasable","21":"product-type-variable"},"_links":{"self":[{"href":"https:\/\/maisoncleo.com\/fr\/wp-json\/wp\/v2\/product\/385697","targetHints":{"allow":["GET"]}}],"collection":[{"href":"https:\/\/maisoncleo.com\/fr\/wp-json\/wp\/v2\/product"}],"about":[{"href":"https:\/\/maisoncleo.com\/fr\/wp-json\/wp\/v2\/types\/product"}],"version-history":[{"count":1,"href":"https:\/\/maisoncleo.com\/fr\/wp-json\/wp\/v2\/product\/385697\/revisions"}],"predecessor-version":[{"id":385704,"href":"https:\/\/maisoncleo.com\/fr\/wp-json\/wp\/v2\/product\/385697\/revisions\/385704"}],"wp:featuredmedia":[{"embeddable":true,"href":"https:\/\/maisoncleo.com\/fr\/wp-json\/wp\/v2\/media\/385514"}],"wp:attachment":[{"href":"https:\/\/maisoncleo.com\/fr\/wp-json\/wp\/v2\/media?parent=385697"}],"wp:term":[{"taxonomy":"product_brand","embeddable":true,"href":"https:\/\/maisoncleo.com\/fr\/wp-json\/wp\/v2\/product_brand?post=385697"},{"taxonomy":"product_cat","embeddable":true,"href":"https:\/\/maisoncleo.com\/fr\/wp-json\/wp\/v2\/product_cat?post=385697"},{"taxonomy":"product_tag","embeddable":true,"href":"https:\/\/maisoncleo.com\/fr\/wp-json\/wp\/v2\/product_tag?post=385697"}],"curies":[{"name":"wp","href":"https:\/\/api.w.org\/{rel}","templated":true}]}}