{"id":384817,"date":"2025-03-07T17:20:53","date_gmt":"2025-03-07T16:10:54","guid":{"rendered":"https:\/\/maisoncleo.com\/?post_type=product&#038;p=384817"},"modified":"2025-04-04T21:44:27","modified_gmt":"2025-04-04T19:44:27","slug":"robe-leopard-asymetrique-a-bretelles-avec-volants-amanda-copy","status":"publish","type":"product","link":"https:\/\/maisoncleo.com\/fr\/shop\/robe-leopard-asymetrique-a-bretelles-avec-volants-amanda-copy\/","title":{"rendered":"Robe Monica dos nu en jersey de coton blanc cass\u00e9 et rouge \u00e0 rayures"},"content":{"rendered":"<p>Robe dos nu en jersey de coton blanc cass\u00e9 et rouge \u00e0 rayures, manches longues, lien \u00e0 louer dans le dos dans le haut du cou. Tr\u00e8s agr\u00e9able \u00e0 porter! Longueur : 79 cm.<\/p>\n<p><span style=\"font-weight: 400;\">La mod\u00e8le mesure 171m et porte une taille S\/36.<\/span><\/p>\n<p>A lire avant d&rsquo;acheter : Le tissu d&rsquo;origine est sold out. A partir de maintenant les commandes seront faites dans le nouveau tissu que nous avons trouv\u00e9. Il s&rsquo;agit de la m\u00eame qualit\u00e9, mais les lignes sont l\u00e9g\u00e8rement diff\u00e9rentes. Voir derni\u00e8res photos \ud83d\ude42<\/p>\n","protected":false},"excerpt":{"rendered":"<p>Robe dos nu en jersey de coton blanc cass\u00e9 et rouge \u00e0 rayures, manches longues, lien \u00e0 louer dans le dos dans&hellip;<\/p>\n","protected":false},"featured_media":384851,"template":"","meta":[],"product_brand":[],"product_cat":[668,664,661],"product_tag":[],"class_list":{"0":"post-384817","1":"product","2":"type-product","3":"status-publish","4":"has-post-thumbnail","6":"product_cat-capsule","7":"product_cat-robes","8":"product_cat-tout-voir","10":"first","11":"instock","12":"taxable","13":"shipping-taxable","14":"purchasable","15":"product-type-variable"},"_links":{"self":[{"href":"https:\/\/maisoncleo.com\/fr\/wp-json\/wp\/v2\/product\/384817","targetHints":{"allow":["GET"]}}],"collection":[{"href":"https:\/\/maisoncleo.com\/fr\/wp-json\/wp\/v2\/product"}],"about":[{"href":"https:\/\/maisoncleo.com\/fr\/wp-json\/wp\/v2\/types\/product"}],"version-history":[{"count":5,"href":"https:\/\/maisoncleo.com\/fr\/wp-json\/wp\/v2\/product\/384817\/revisions"}],"predecessor-version":[{"id":385271,"href":"https:\/\/maisoncleo.com\/fr\/wp-json\/wp\/v2\/product\/384817\/revisions\/385271"}],"wp:featuredmedia":[{"embeddable":true,"href":"https:\/\/maisoncleo.com\/fr\/wp-json\/wp\/v2\/media\/384851"}],"wp:attachment":[{"href":"https:\/\/maisoncleo.com\/fr\/wp-json\/wp\/v2\/media?parent=384817"}],"wp:term":[{"taxonomy":"product_brand","embeddable":true,"href":"https:\/\/maisoncleo.com\/fr\/wp-json\/wp\/v2\/product_brand?post=384817"},{"taxonomy":"product_cat","embeddable":true,"href":"https:\/\/maisoncleo.com\/fr\/wp-json\/wp\/v2\/product_cat?post=384817"},{"taxonomy":"product_tag","embeddable":true,"href":"https:\/\/maisoncleo.com\/fr\/wp-json\/wp\/v2\/product_tag?post=384817"}],"curies":[{"name":"wp","href":"https:\/\/api.w.org\/{rel}","templated":true}]}}