{"id":384735,"date":"2025-03-07T17:33:36","date_gmt":"2025-03-07T15:33:37","guid":{"rendered":"https:\/\/maisoncleo.com\/?post_type=product&#038;p=384735"},"modified":"2025-05-17T18:46:10","modified_gmt":"2025-05-17T16:46:10","slug":"blouse-dalila-en-coton-leger-avec-broderies-copy","status":"publish","type":"product","link":"https:\/\/maisoncleo.com\/fr\/shop\/blouse-dalila-en-coton-leger-avec-broderies-copy\/","title":{"rendered":"Blouse Gloria en soie ivoire textur\u00e9e et reli\u00e9f\u00e9e"},"content":{"rendered":"<p><span style=\"font-weight: 400;\">Notre nouvelle blouse Gloria, fabriqu\u00e9e dans une soie ivoire textur\u00e9e et reli\u00e9f\u00e9e, petites manches bouffantes resserr\u00e9es par un \u00e9lastique, petit col rond, fermeture par 3 liens sur le devant. Longueur : 48 cm. Coupe oversize, comme un petit nuage!<\/span><\/p>\n<p>La mod\u00e8le mesure 1m71 et porte une taille S-36.<\/p>\n","protected":false},"excerpt":{"rendered":"<p>Notre nouvelle blouse Gloria, fabriqu\u00e9e dans une soie ivoire textur\u00e9e et reli\u00e9f\u00e9e, petites manches bouffantes resserr\u00e9es par un \u00e9lastique, petit col rond,&hellip;<\/p>\n","protected":false},"featured_media":384767,"template":"","meta":[],"product_brand":[],"product_cat":[663,668,661],"product_tag":[],"class_list":{"0":"post-384735","1":"product","2":"type-product","3":"status-publish","4":"has-post-thumbnail","6":"product_cat-blouses","7":"product_cat-capsule","8":"product_cat-tout-voir","10":"first","11":"outofstock","12":"taxable","13":"shipping-taxable","14":"purchasable","15":"product-type-variable"},"_links":{"self":[{"href":"https:\/\/maisoncleo.com\/fr\/wp-json\/wp\/v2\/product\/384735","targetHints":{"allow":["GET"]}}],"collection":[{"href":"https:\/\/maisoncleo.com\/fr\/wp-json\/wp\/v2\/product"}],"about":[{"href":"https:\/\/maisoncleo.com\/fr\/wp-json\/wp\/v2\/types\/product"}],"version-history":[{"count":2,"href":"https:\/\/maisoncleo.com\/fr\/wp-json\/wp\/v2\/product\/384735\/revisions"}],"predecessor-version":[{"id":384776,"href":"https:\/\/maisoncleo.com\/fr\/wp-json\/wp\/v2\/product\/384735\/revisions\/384776"}],"wp:featuredmedia":[{"embeddable":true,"href":"https:\/\/maisoncleo.com\/fr\/wp-json\/wp\/v2\/media\/384767"}],"wp:attachment":[{"href":"https:\/\/maisoncleo.com\/fr\/wp-json\/wp\/v2\/media?parent=384735"}],"wp:term":[{"taxonomy":"product_brand","embeddable":true,"href":"https:\/\/maisoncleo.com\/fr\/wp-json\/wp\/v2\/product_brand?post=384735"},{"taxonomy":"product_cat","embeddable":true,"href":"https:\/\/maisoncleo.com\/fr\/wp-json\/wp\/v2\/product_cat?post=384735"},{"taxonomy":"product_tag","embeddable":true,"href":"https:\/\/maisoncleo.com\/fr\/wp-json\/wp\/v2\/product_tag?post=384735"}],"curies":[{"name":"wp","href":"https:\/\/api.w.org\/{rel}","templated":true}]}}