{"id":384614,"date":"2025-03-07T17:08:10","date_gmt":"2025-03-07T15:08:10","guid":{"rendered":"https:\/\/maisoncleo.com\/?post_type=product&#038;p=384614"},"modified":"2025-10-15T07:27:42","modified_gmt":"2025-10-15T05:27:42","slug":"pantalon-evase-velours-ras-fin-motif-lezard-copy-2","status":"publish","type":"product","link":"https:\/\/maisoncleo.com\/fr\/shop\/pantalon-evase-velours-ras-fin-motif-lezard-copy-2\/","title":{"rendered":"Pantalon en velours \u00e0 fines rayures fines marron chocolat avec motifs brod\u00e9s \u00e0 fleurs beiges Meg"},"content":{"rendered":"<p><span style=\"font-weight: 400;\">Pantalon en velours \u00e0 fines rayures fines, marron chocolat avec motifs brod\u00e9s \u00e0 fleurs beiges, taille haute, coupe cintr\u00e9e et flare dans le bas. Ceinture et passants, boucle beige arrondie, fermeture \u00e9clair invisible sur le devant. Le pantalon belle fesses!<\/span><\/p>\n<p><span style=\"font-weight: 400;\">Longueur : 107 cm.<\/span><\/p>\n<p>La mod\u00e8le mesure 171m et porte une taille S\/36.<\/p>\n","protected":false},"excerpt":{"rendered":"<p>Pantalon en velours \u00e0 fines rayures fines, marron chocolat avec motifs brod\u00e9s \u00e0 fleurs beiges, taille haute, coupe cintr\u00e9e et flare dans&hellip;<\/p>\n","protected":false},"featured_media":384648,"template":"","meta":[],"product_brand":[],"product_cat":[668,675,661],"product_tag":[],"class_list":{"0":"post-384614","1":"product","2":"type-product","3":"status-publish","4":"has-post-thumbnail","6":"product_cat-capsule","7":"product_cat-pantalons-shorts","8":"product_cat-tout-voir","10":"first","11":"outofstock","12":"taxable","13":"shipping-taxable","14":"purchasable","15":"product-type-variable"},"_links":{"self":[{"href":"https:\/\/maisoncleo.com\/fr\/wp-json\/wp\/v2\/product\/384614","targetHints":{"allow":["GET"]}}],"collection":[{"href":"https:\/\/maisoncleo.com\/fr\/wp-json\/wp\/v2\/product"}],"about":[{"href":"https:\/\/maisoncleo.com\/fr\/wp-json\/wp\/v2\/types\/product"}],"version-history":[{"count":3,"href":"https:\/\/maisoncleo.com\/fr\/wp-json\/wp\/v2\/product\/384614\/revisions"}],"predecessor-version":[{"id":384780,"href":"https:\/\/maisoncleo.com\/fr\/wp-json\/wp\/v2\/product\/384614\/revisions\/384780"}],"wp:featuredmedia":[{"embeddable":true,"href":"https:\/\/maisoncleo.com\/fr\/wp-json\/wp\/v2\/media\/384648"}],"wp:attachment":[{"href":"https:\/\/maisoncleo.com\/fr\/wp-json\/wp\/v2\/media?parent=384614"}],"wp:term":[{"taxonomy":"product_brand","embeddable":true,"href":"https:\/\/maisoncleo.com\/fr\/wp-json\/wp\/v2\/product_brand?post=384614"},{"taxonomy":"product_cat","embeddable":true,"href":"https:\/\/maisoncleo.com\/fr\/wp-json\/wp\/v2\/product_cat?post=384614"},{"taxonomy":"product_tag","embeddable":true,"href":"https:\/\/maisoncleo.com\/fr\/wp-json\/wp\/v2\/product_tag?post=384614"}],"curies":[{"name":"wp","href":"https:\/\/api.w.org\/{rel}","templated":true}]}}