{"id":384417,"date":"2025-03-07T16:40:46","date_gmt":"2025-03-07T14:40:46","guid":{"rendered":"https:\/\/maisoncleo.com\/?post_type=product&#038;p=384417"},"modified":"2025-04-13T15:29:00","modified_gmt":"2025-04-13T13:29:00","slug":"pantalon-evase-velours-ras-fin-motif-lezard-copy","status":"publish","type":"product","link":"https:\/\/maisoncleo.com\/fr\/shop\/pantalon-evase-velours-ras-fin-motif-lezard-copy\/","title":{"rendered":"Mini short en tissu \u00e9ponge blanc cass\u00e9 et rouge \u00e0 rayures Marc"},"content":{"rendered":"<p><span style=\"font-weight: 400;\">Mini short en tissu \u00e9ponge nous rappelant les ann\u00e9es 60. Jersey de coton blanc cass\u00e9 \u00e0 rayures rouges. Super agr\u00e9able \u00e0 porter. Bords roulott\u00e9s rouges. Taille \u00e9lastiqu\u00e9e. Longueur : 32 cm.<\/span><\/p>\n<p>La mod\u00e8le mesure 171m et porte une taille S\/36.<\/p>\n<p>A lire avant d&rsquo;acheter : Le tissu d&rsquo;origine est sold out. A partir de maintenant les commandes seront faites dans le nouveau tissu que nous avons trouv\u00e9. Il s&rsquo;agit de la m\u00eame qualit\u00e9, mais les lignes sont l\u00e9g\u00e8rement diff\u00e9rentes. Voir derni\u00e8re photo \ud83d\ude42<\/p>\n","protected":false},"excerpt":{"rendered":"<p>Mini short en tissu \u00e9ponge nous rappelant les ann\u00e9es 60. Jersey de coton blanc cass\u00e9 \u00e0 rayures rouges. Super agr\u00e9able \u00e0 porter.&hellip;<\/p>\n","protected":false},"featured_media":384429,"template":"","meta":[],"product_brand":[],"product_cat":[668,675,661],"product_tag":[],"class_list":{"0":"post-384417","1":"product","2":"type-product","3":"status-publish","4":"has-post-thumbnail","6":"product_cat-capsule","7":"product_cat-pantalons-shorts","8":"product_cat-tout-voir","10":"first","11":"instock","12":"taxable","13":"shipping-taxable","14":"purchasable","15":"product-type-variable"},"_links":{"self":[{"href":"https:\/\/maisoncleo.com\/fr\/wp-json\/wp\/v2\/product\/384417","targetHints":{"allow":["GET"]}}],"collection":[{"href":"https:\/\/maisoncleo.com\/fr\/wp-json\/wp\/v2\/product"}],"about":[{"href":"https:\/\/maisoncleo.com\/fr\/wp-json\/wp\/v2\/types\/product"}],"version-history":[{"count":4,"href":"https:\/\/maisoncleo.com\/fr\/wp-json\/wp\/v2\/product\/384417\/revisions"}],"predecessor-version":[{"id":384977,"href":"https:\/\/maisoncleo.com\/fr\/wp-json\/wp\/v2\/product\/384417\/revisions\/384977"}],"wp:featuredmedia":[{"embeddable":true,"href":"https:\/\/maisoncleo.com\/fr\/wp-json\/wp\/v2\/media\/384429"}],"wp:attachment":[{"href":"https:\/\/maisoncleo.com\/fr\/wp-json\/wp\/v2\/media?parent=384417"}],"wp:term":[{"taxonomy":"product_brand","embeddable":true,"href":"https:\/\/maisoncleo.com\/fr\/wp-json\/wp\/v2\/product_brand?post=384417"},{"taxonomy":"product_cat","embeddable":true,"href":"https:\/\/maisoncleo.com\/fr\/wp-json\/wp\/v2\/product_cat?post=384417"},{"taxonomy":"product_tag","embeddable":true,"href":"https:\/\/maisoncleo.com\/fr\/wp-json\/wp\/v2\/product_tag?post=384417"}],"curies":[{"name":"wp","href":"https:\/\/api.w.org\/{rel}","templated":true}]}}