{"id":384394,"date":"2025-03-07T16:36:46","date_gmt":"2025-03-07T14:36:47","guid":{"rendered":"https:\/\/maisoncleo.com\/?post_type=product&#038;p=384394"},"modified":"2025-12-09T11:46:32","modified_gmt":"2025-12-09T09:46:32","slug":"veste-en-jean-sophia-copy","status":"publish","type":"product","link":"https:\/\/maisoncleo.com\/fr\/shop\/veste-en-jean-sophia-copy\/","title":{"rendered":"Veste Sophia en faux cuir grain\u00e9 et fausse fourrure en agneau de Mongolie"},"content":{"rendered":"<p><span style=\"font-weight: 400;\">Veste Sophia en faux cuir grain\u00e9 et fausse fourrure en agneau de mongolie. Manches longues l\u00e9g\u00e8rement bouffantes aux \u00e9paules, cintr\u00e9es dans le bas, coupe droite, trois boutons noirs sur le devant. Tissu provenant d\u2019une maison de Couture fran\u00e7aise. Longueur : 42 cm.<\/span><\/p>\n<p>La mod\u00e8le mesure 171m et porte une taille S\/36.<\/p>\n","protected":false},"excerpt":{"rendered":"<p>Veste Sophia en faux cuir grain\u00e9 et fausse fourrure en agneau de mongolie. Manches longues l\u00e9g\u00e8rement bouffantes aux \u00e9paules, cintr\u00e9es dans le&hellip;<\/p>\n","protected":false},"featured_media":384883,"template":"","meta":[],"product_brand":[],"product_cat":[668,661,665],"product_tag":[],"class_list":{"0":"post-384394","1":"product","2":"type-product","3":"status-publish","4":"has-post-thumbnail","6":"product_cat-capsule","7":"product_cat-tout-voir","8":"product_cat-vestes-manteaux","10":"first","11":"instock","12":"taxable","13":"shipping-taxable","14":"purchasable","15":"product-type-variable"},"_links":{"self":[{"href":"https:\/\/maisoncleo.com\/fr\/wp-json\/wp\/v2\/product\/384394","targetHints":{"allow":["GET"]}}],"collection":[{"href":"https:\/\/maisoncleo.com\/fr\/wp-json\/wp\/v2\/product"}],"about":[{"href":"https:\/\/maisoncleo.com\/fr\/wp-json\/wp\/v2\/types\/product"}],"version-history":[{"count":2,"href":"https:\/\/maisoncleo.com\/fr\/wp-json\/wp\/v2\/product\/384394\/revisions"}],"predecessor-version":[{"id":384409,"href":"https:\/\/maisoncleo.com\/fr\/wp-json\/wp\/v2\/product\/384394\/revisions\/384409"}],"wp:featuredmedia":[{"embeddable":true,"href":"https:\/\/maisoncleo.com\/fr\/wp-json\/wp\/v2\/media\/384883"}],"wp:attachment":[{"href":"https:\/\/maisoncleo.com\/fr\/wp-json\/wp\/v2\/media?parent=384394"}],"wp:term":[{"taxonomy":"product_brand","embeddable":true,"href":"https:\/\/maisoncleo.com\/fr\/wp-json\/wp\/v2\/product_brand?post=384394"},{"taxonomy":"product_cat","embeddable":true,"href":"https:\/\/maisoncleo.com\/fr\/wp-json\/wp\/v2\/product_cat?post=384394"},{"taxonomy":"product_tag","embeddable":true,"href":"https:\/\/maisoncleo.com\/fr\/wp-json\/wp\/v2\/product_tag?post=384394"}],"curies":[{"name":"wp","href":"https:\/\/api.w.org\/{rel}","templated":true}]}}