{"id":384345,"date":"2025-03-07T16:25:39","date_gmt":"2025-03-07T14:25:40","guid":{"rendered":"https:\/\/maisoncleo.com\/?post_type=product&#038;p=384345"},"modified":"2025-06-04T13:18:21","modified_gmt":"2025-06-04T11:18:21","slug":"polo-boutonne-en-dentelle-blanc-casse-copy","status":"publish","type":"product","link":"https:\/\/maisoncleo.com\/fr\/shop\/polo-boutonne-en-dentelle-blanc-casse-copy\/","title":{"rendered":"Polo boutonn\u00e9 en jersey de coton l\u00e9opard Cl\u00e9a"},"content":{"rendered":"<p>Notre premier polo! Polo manches courtes, petit col pointu 4 boutons marron camel clair sur le d\u00e9collet\u00e9 pouvant se fermer jusqu\u2019au cou, tissu en jersey de coton l\u00e9opard l\u00e9ger, doux et agr\u00e9able \u00e0 porter. Longueur : 55 cm.<\/p>\n<p>La mod\u00e8le mesure 1m71 et porte une taille S\/36.<\/p>\n","protected":false},"excerpt":{"rendered":"<p>Notre premier polo! Polo manches courtes, petit col pointu 4 boutons marron camel clair sur le d\u00e9collet\u00e9 pouvant se fermer jusqu\u2019au cou,&hellip;<\/p>\n","protected":false},"featured_media":384369,"template":"","meta":[],"product_brand":[],"product_cat":[668,674,661],"product_tag":[],"class_list":{"0":"post-384345","1":"product","2":"type-product","3":"status-publish","4":"has-post-thumbnail","6":"product_cat-capsule","7":"product_cat-tops","8":"product_cat-tout-voir","10":"first","11":"outofstock","12":"taxable","13":"shipping-taxable","14":"purchasable","15":"product-type-variable"},"_links":{"self":[{"href":"https:\/\/maisoncleo.com\/fr\/wp-json\/wp\/v2\/product\/384345","targetHints":{"allow":["GET"]}}],"collection":[{"href":"https:\/\/maisoncleo.com\/fr\/wp-json\/wp\/v2\/product"}],"about":[{"href":"https:\/\/maisoncleo.com\/fr\/wp-json\/wp\/v2\/types\/product"}],"version-history":[{"count":3,"href":"https:\/\/maisoncleo.com\/fr\/wp-json\/wp\/v2\/product\/384345\/revisions"}],"predecessor-version":[{"id":384787,"href":"https:\/\/maisoncleo.com\/fr\/wp-json\/wp\/v2\/product\/384345\/revisions\/384787"}],"wp:featuredmedia":[{"embeddable":true,"href":"https:\/\/maisoncleo.com\/fr\/wp-json\/wp\/v2\/media\/384369"}],"wp:attachment":[{"href":"https:\/\/maisoncleo.com\/fr\/wp-json\/wp\/v2\/media?parent=384345"}],"wp:term":[{"taxonomy":"product_brand","embeddable":true,"href":"https:\/\/maisoncleo.com\/fr\/wp-json\/wp\/v2\/product_brand?post=384345"},{"taxonomy":"product_cat","embeddable":true,"href":"https:\/\/maisoncleo.com\/fr\/wp-json\/wp\/v2\/product_cat?post=384345"},{"taxonomy":"product_tag","embeddable":true,"href":"https:\/\/maisoncleo.com\/fr\/wp-json\/wp\/v2\/product_tag?post=384345"}],"curies":[{"name":"wp","href":"https:\/\/api.w.org\/{rel}","templated":true}]}}