{"id":384302,"date":"2025-03-07T16:19:32","date_gmt":"2025-03-07T14:19:32","guid":{"rendered":"https:\/\/maisoncleo.com\/?post_type=product&#038;p=384302"},"modified":"2025-12-09T11:46:32","modified_gmt":"2025-12-09T09:46:32","slug":"jupe-sophia-trapeze-en-coton-blanc-et-parties-dentelle-fleurie-copy","status":"publish","type":"product","link":"https:\/\/maisoncleo.com\/fr\/shop\/jupe-sophia-trapeze-en-coton-blanc-et-parties-dentelle-fleurie-copy\/","title":{"rendered":"Jupe Sophia trap\u00e8ze en faux cuir grain\u00e9"},"content":{"rendered":"<p><span style=\"font-weight: 400;\">Jupe Sophia en faux cuir grain\u00e9. Tissu provenant d\u2019une maison de Couture fran\u00e7aise. Taille haute, coupe trap\u00e8ze, fente sur le c\u00f4t\u00e9 gauche. Longueur : 38 cm. Hauteur de la fente : 17 cm.<\/span><\/p>\n<p>La mod\u00e8le mesure 1m71 et porte une taille 36.<\/p>\n","protected":false},"excerpt":{"rendered":"<p>Jupe Sophia en faux cuir grain\u00e9. Tissu provenant d\u2019une maison de Couture fran\u00e7aise. Taille haute, coupe trap\u00e8ze, fente sur le c\u00f4t\u00e9 gauche.&hellip;<\/p>\n","protected":false},"featured_media":384312,"template":"","meta":[],"product_brand":[],"product_cat":[672,668,661],"product_tag":[],"class_list":{"0":"post-384302","1":"product","2":"type-product","3":"status-publish","4":"has-post-thumbnail","6":"product_cat-jupes","7":"product_cat-capsule","8":"product_cat-tout-voir","10":"first","11":"instock","12":"taxable","13":"shipping-taxable","14":"purchasable","15":"product-type-variable"},"_links":{"self":[{"href":"https:\/\/maisoncleo.com\/fr\/wp-json\/wp\/v2\/product\/384302","targetHints":{"allow":["GET"]}}],"collection":[{"href":"https:\/\/maisoncleo.com\/fr\/wp-json\/wp\/v2\/product"}],"about":[{"href":"https:\/\/maisoncleo.com\/fr\/wp-json\/wp\/v2\/types\/product"}],"version-history":[{"count":2,"href":"https:\/\/maisoncleo.com\/fr\/wp-json\/wp\/v2\/product\/384302\/revisions"}],"predecessor-version":[{"id":384337,"href":"https:\/\/maisoncleo.com\/fr\/wp-json\/wp\/v2\/product\/384302\/revisions\/384337"}],"wp:featuredmedia":[{"embeddable":true,"href":"https:\/\/maisoncleo.com\/fr\/wp-json\/wp\/v2\/media\/384312"}],"wp:attachment":[{"href":"https:\/\/maisoncleo.com\/fr\/wp-json\/wp\/v2\/media?parent=384302"}],"wp:term":[{"taxonomy":"product_brand","embeddable":true,"href":"https:\/\/maisoncleo.com\/fr\/wp-json\/wp\/v2\/product_brand?post=384302"},{"taxonomy":"product_cat","embeddable":true,"href":"https:\/\/maisoncleo.com\/fr\/wp-json\/wp\/v2\/product_cat?post=384302"},{"taxonomy":"product_tag","embeddable":true,"href":"https:\/\/maisoncleo.com\/fr\/wp-json\/wp\/v2\/product_tag?post=384302"}],"curies":[{"name":"wp","href":"https:\/\/api.w.org\/{rel}","templated":true}]}}