{"id":384233,"date":"2025-03-07T16:03:55","date_gmt":"2025-03-07T14:03:55","guid":{"rendered":"https:\/\/maisoncleo.com\/?post_type=product&#038;p=384233"},"modified":"2025-03-07T17:53:44","modified_gmt":"2025-03-07T15:53:44","slug":"t-shirt-manches-longues-liza-pointelle-coquelicots-holidays-capsule-18-25-copy-2","status":"publish","type":"product","link":"https:\/\/maisoncleo.com\/fr\/shop\/t-shirt-manches-longues-liza-pointelle-coquelicots-holidays-capsule-18-25-copy-2\/","title":{"rendered":"Polo boutonn\u00e9 en dentelle blanc cass\u00e9 Cl\u00e9a"},"content":{"rendered":"<p><span style=\"font-weight: 400;\">Notre premier polo! Polo manches courtes, petit col pointu 4 boutons sur le d\u00e9collet\u00e9 pouvant se fermer jusqu\u2019au cou, tissu en jersey de coton l\u00e9opard l\u00e9ger, doux et agr\u00e9able \u00e0 porter. Longueur : 55 cm.<\/span><\/p>\n<p>La mod\u00e8le mesure 1m71 et porte une taille S\/36.<\/p>\n","protected":false},"excerpt":{"rendered":"<p>Notre premier polo! Polo manches courtes, petit col pointu 4 boutons sur le d\u00e9collet\u00e9 pouvant se fermer jusqu\u2019au cou, tissu en jersey&hellip;<\/p>\n","protected":false},"featured_media":384204,"template":"","meta":[],"product_brand":[],"product_cat":[668,674,661],"product_tag":[],"class_list":{"0":"post-384233","1":"product","2":"type-product","3":"status-publish","4":"has-post-thumbnail","6":"product_cat-capsule","7":"product_cat-tops","8":"product_cat-tout-voir","10":"first","11":"outofstock","12":"taxable","13":"shipping-taxable","14":"purchasable","15":"product-type-variable"},"_links":{"self":[{"href":"https:\/\/maisoncleo.com\/fr\/wp-json\/wp\/v2\/product\/384233","targetHints":{"allow":["GET"]}}],"collection":[{"href":"https:\/\/maisoncleo.com\/fr\/wp-json\/wp\/v2\/product"}],"about":[{"href":"https:\/\/maisoncleo.com\/fr\/wp-json\/wp\/v2\/types\/product"}],"version-history":[{"count":3,"href":"https:\/\/maisoncleo.com\/fr\/wp-json\/wp\/v2\/product\/384233\/revisions"}],"predecessor-version":[{"id":384789,"href":"https:\/\/maisoncleo.com\/fr\/wp-json\/wp\/v2\/product\/384233\/revisions\/384789"}],"wp:featuredmedia":[{"embeddable":true,"href":"https:\/\/maisoncleo.com\/fr\/wp-json\/wp\/v2\/media\/384204"}],"wp:attachment":[{"href":"https:\/\/maisoncleo.com\/fr\/wp-json\/wp\/v2\/media?parent=384233"}],"wp:term":[{"taxonomy":"product_brand","embeddable":true,"href":"https:\/\/maisoncleo.com\/fr\/wp-json\/wp\/v2\/product_brand?post=384233"},{"taxonomy":"product_cat","embeddable":true,"href":"https:\/\/maisoncleo.com\/fr\/wp-json\/wp\/v2\/product_cat?post=384233"},{"taxonomy":"product_tag","embeddable":true,"href":"https:\/\/maisoncleo.com\/fr\/wp-json\/wp\/v2\/product_tag?post=384233"}],"curies":[{"name":"wp","href":"https:\/\/api.w.org\/{rel}","templated":true}]}}