{"id":384178,"date":"2025-03-07T15:55:40","date_gmt":"2025-03-07T13:55:40","guid":{"rendered":"https:\/\/maisoncleo.com\/?post_type=product&#038;p=384178"},"modified":"2025-12-03T18:06:17","modified_gmt":"2025-12-03T16:06:17","slug":"pantalon-large-en-leopard-janis-copy-2","status":"publish","type":"product","link":"https:\/\/maisoncleo.com\/fr\/shop\/pantalon-large-en-leopard-janis-copy-2\/","title":{"rendered":"Pantalon \u00e9vas\u00e9 velours ras fin motif l\u00e9zard Meg"},"content":{"rendered":"<p><span style=\"font-weight: 400;\">Pantalon en velours ras fin au motif l\u00e9zard, doux au toucher, l\u00e9g\u00e8rement stretch, taille haute, coupe cintr\u00e9e et flare dans le bas. Ceinture et passants, boucle dor\u00e9e carr\u00e9e avec bords arrondis, fermeture \u00e9clair invisible sur le devant. Le pantalon belle fesses!<\/span><\/p>\n<p><span style=\"font-weight: 400;\">Longueur : 107 cm.<\/span><\/p>\n<p>La mod\u00e8le mesure 171m et porte une taille S\/36.<br style=\"font-weight: 400;\" \/><\/p>\n","protected":false},"excerpt":{"rendered":"<p>Pantalon en velours ras fin au motif l\u00e9zard, doux au toucher, l\u00e9g\u00e8rement stretch, taille haute, coupe cintr\u00e9e et flare dans le bas.&hellip;<\/p>\n","protected":false},"featured_media":384190,"template":"","meta":[],"product_brand":[],"product_cat":[668,675,661],"product_tag":[],"class_list":{"0":"post-384178","1":"product","2":"type-product","3":"status-publish","4":"has-post-thumbnail","6":"product_cat-capsule","7":"product_cat-pantalons-shorts","8":"product_cat-tout-voir","10":"first","11":"outofstock","12":"taxable","13":"shipping-taxable","14":"purchasable","15":"product-type-variable"},"_links":{"self":[{"href":"https:\/\/maisoncleo.com\/fr\/wp-json\/wp\/v2\/product\/384178","targetHints":{"allow":["GET"]}}],"collection":[{"href":"https:\/\/maisoncleo.com\/fr\/wp-json\/wp\/v2\/product"}],"about":[{"href":"https:\/\/maisoncleo.com\/fr\/wp-json\/wp\/v2\/types\/product"}],"version-history":[{"count":3,"href":"https:\/\/maisoncleo.com\/fr\/wp-json\/wp\/v2\/product\/384178\/revisions"}],"predecessor-version":[{"id":384791,"href":"https:\/\/maisoncleo.com\/fr\/wp-json\/wp\/v2\/product\/384178\/revisions\/384791"}],"wp:featuredmedia":[{"embeddable":true,"href":"https:\/\/maisoncleo.com\/fr\/wp-json\/wp\/v2\/media\/384190"}],"wp:attachment":[{"href":"https:\/\/maisoncleo.com\/fr\/wp-json\/wp\/v2\/media?parent=384178"}],"wp:term":[{"taxonomy":"product_brand","embeddable":true,"href":"https:\/\/maisoncleo.com\/fr\/wp-json\/wp\/v2\/product_brand?post=384178"},{"taxonomy":"product_cat","embeddable":true,"href":"https:\/\/maisoncleo.com\/fr\/wp-json\/wp\/v2\/product_cat?post=384178"},{"taxonomy":"product_tag","embeddable":true,"href":"https:\/\/maisoncleo.com\/fr\/wp-json\/wp\/v2\/product_tag?post=384178"}],"curies":[{"name":"wp","href":"https:\/\/api.w.org\/{rel}","templated":true}]}}