{"id":383962,"date":"2025-02-26T16:34:35","date_gmt":"2025-02-26T14:34:35","guid":{"rendered":"https:\/\/maisoncleo.com\/?post_type=product&#038;p=383962"},"modified":"2026-02-16T19:47:27","modified_gmt":"2026-02-16T17:47:27","slug":"robe-felisa-dos-nu-fluide-volantee-en-soie-texturee-ecrue-et-volants-copy-2","status":"publish","type":"product","link":"https:\/\/maisoncleo.com\/fr\/shop\/robe-felisa-dos-nu-fluide-volantee-en-soie-texturee-ecrue-et-volants-copy-2\/","title":{"rendered":"Robe FELISA dos nu fluide volant\u00e9e en soie textur\u00e9e \u00e9crue et volants"},"content":{"rendered":"<p>Robe dos nu fluide volant\u00e9e en soie textur\u00e9e \u00e9crue et volants.<\/p>\n<p>Votre robe pr\u00e9f\u00e9r\u00e9e est de retour dans un tout nouveau motif &lt;3 Sans le motif de cercles des photos port\u00e9es!<\/p>\n<p>Longs volants dans le dos. D\u00e9tails volants sur le tour de cou et les ourlets, finition bourdon. Fermeture \u00e0 un bouton. Soie fluide. 100% soie. Doubl\u00e9e en soie \u00e9crue.<\/p>\n<p>Longueur totale \u00e0 plat: 75 cm. Profondeur de dos: 50 cm.<\/p>\n<p>La mod\u00e8le mesure 1m70 et porte une taille S-36.<\/p>\n","protected":false},"excerpt":{"rendered":"<p>Robe dos nu fluide volant\u00e9e en soie textur\u00e9e \u00e9crue et volants. Votre robe pr\u00e9f\u00e9r\u00e9e est de retour dans un tout nouveau motif&hellip;<\/p>\n","protected":false},"featured_media":383913,"template":"","meta":[],"product_brand":[],"product_cat":[958,668,664,661],"product_tag":[],"class_list":{"0":"post-383962","1":"product","2":"type-product","3":"status-publish","4":"has-post-thumbnail","6":"product_cat-mariage-selection","7":"product_cat-capsule","8":"product_cat-robes","9":"product_cat-tout-voir","11":"first","12":"instock","13":"taxable","14":"shipping-taxable","15":"purchasable","16":"product-type-variable"},"_links":{"self":[{"href":"https:\/\/maisoncleo.com\/fr\/wp-json\/wp\/v2\/product\/383962","targetHints":{"allow":["GET"]}}],"collection":[{"href":"https:\/\/maisoncleo.com\/fr\/wp-json\/wp\/v2\/product"}],"about":[{"href":"https:\/\/maisoncleo.com\/fr\/wp-json\/wp\/v2\/types\/product"}],"version-history":[{"count":2,"href":"https:\/\/maisoncleo.com\/fr\/wp-json\/wp\/v2\/product\/383962\/revisions"}],"predecessor-version":[{"id":383977,"href":"https:\/\/maisoncleo.com\/fr\/wp-json\/wp\/v2\/product\/383962\/revisions\/383977"}],"wp:featuredmedia":[{"embeddable":true,"href":"https:\/\/maisoncleo.com\/fr\/wp-json\/wp\/v2\/media\/383913"}],"wp:attachment":[{"href":"https:\/\/maisoncleo.com\/fr\/wp-json\/wp\/v2\/media?parent=383962"}],"wp:term":[{"taxonomy":"product_brand","embeddable":true,"href":"https:\/\/maisoncleo.com\/fr\/wp-json\/wp\/v2\/product_brand?post=383962"},{"taxonomy":"product_cat","embeddable":true,"href":"https:\/\/maisoncleo.com\/fr\/wp-json\/wp\/v2\/product_cat?post=383962"},{"taxonomy":"product_tag","embeddable":true,"href":"https:\/\/maisoncleo.com\/fr\/wp-json\/wp\/v2\/product_tag?post=383962"}],"curies":[{"name":"wp","href":"https:\/\/api.w.org\/{rel}","templated":true}]}}