{"id":383624,"date":"2025-02-14T16:40:10","date_gmt":"2025-02-14T14:40:10","guid":{"rendered":"https:\/\/maisoncleo.com\/?post_type=product&#038;p=383624"},"modified":"2025-07-30T15:31:34","modified_gmt":"2025-07-30T13:31:34","slug":"blouse-malya-en-soie-texturee-kaki-et-dentelle-ecrue-copy-2","status":"publish","type":"product","link":"https:\/\/maisoncleo.com\/fr\/shop\/blouse-malya-en-soie-texturee-kaki-et-dentelle-ecrue-copy-2\/","title":{"rendered":"VALENTINES &#8211; Blouse MALYA en soie rouge profond et grand voilage brod\u00e9"},"content":{"rendered":"<p><span style=\"font-weight: 400;\">Blouse en soie rouge profond et grand voilage brod\u00e9, petites manches bouffantes, 3 liens sur le devant.<\/span><\/p>\n<p>Sublime couleur de soie rouge profond. Romantique!<\/p>\n<p><span style=\"font-weight: 400;\">Longueur : 37 cm.<\/span><\/p>\n<p><span style=\"font-weight: 400;\">Fait partie de notre capsule tr\u00e8s limit\u00e9e pour la Saint-Valentin.<\/span><\/p>\n<p>Edit : Nous avons trouv\u00e9 une nouvelle broderie trop mignonne! Voir deux derni\u00e8res photos. Le nouveau volant utilis\u00e9 pour cette blouse sera celui de droite sur l&rsquo;avant derni\u00e8re photo, et celui sur la derni\u00e8re photo.<\/p>\n","protected":false},"excerpt":{"rendered":"<p>Blouse en soie rouge profond et grand voilage brod\u00e9, petites manches bouffantes, 3 liens sur le devant. Sublime couleur de soie rouge&hellip;<\/p>\n","protected":false},"featured_media":383644,"template":"","meta":[],"product_brand":[],"product_cat":[663,668,661],"product_tag":[],"class_list":{"0":"post-383624","1":"product","2":"type-product","3":"status-publish","4":"has-post-thumbnail","6":"product_cat-blouses","7":"product_cat-capsule","8":"product_cat-tout-voir","10":"first","11":"instock","12":"taxable","13":"shipping-taxable","14":"purchasable","15":"product-type-variable"},"_links":{"self":[{"href":"https:\/\/maisoncleo.com\/fr\/wp-json\/wp\/v2\/product\/383624","targetHints":{"allow":["GET"]}}],"collection":[{"href":"https:\/\/maisoncleo.com\/fr\/wp-json\/wp\/v2\/product"}],"about":[{"href":"https:\/\/maisoncleo.com\/fr\/wp-json\/wp\/v2\/types\/product"}],"version-history":[{"count":5,"href":"https:\/\/maisoncleo.com\/fr\/wp-json\/wp\/v2\/product\/383624\/revisions"}],"predecessor-version":[{"id":389270,"href":"https:\/\/maisoncleo.com\/fr\/wp-json\/wp\/v2\/product\/383624\/revisions\/389270"}],"wp:featuredmedia":[{"embeddable":true,"href":"https:\/\/maisoncleo.com\/fr\/wp-json\/wp\/v2\/media\/383644"}],"wp:attachment":[{"href":"https:\/\/maisoncleo.com\/fr\/wp-json\/wp\/v2\/media?parent=383624"}],"wp:term":[{"taxonomy":"product_brand","embeddable":true,"href":"https:\/\/maisoncleo.com\/fr\/wp-json\/wp\/v2\/product_brand?post=383624"},{"taxonomy":"product_cat","embeddable":true,"href":"https:\/\/maisoncleo.com\/fr\/wp-json\/wp\/v2\/product_cat?post=383624"},{"taxonomy":"product_tag","embeddable":true,"href":"https:\/\/maisoncleo.com\/fr\/wp-json\/wp\/v2\/product_tag?post=383624"}],"curies":[{"name":"wp","href":"https:\/\/api.w.org\/{rel}","templated":true}]}}