{"id":383589,"date":"2025-02-14T16:23:28","date_gmt":"2025-02-14T14:23:29","guid":{"rendered":"https:\/\/maisoncleo.com\/?post_type=product&#038;p=383589"},"modified":"2025-02-14T16:30:38","modified_gmt":"2025-02-14T14:30:38","slug":"blouse-vanessa-bouffante-en-coton-blanc-et-dentelle-copy","status":"publish","type":"product","link":"https:\/\/maisoncleo.com\/fr\/shop\/blouse-vanessa-bouffante-en-coton-blanc-et-dentelle-copy\/","title":{"rendered":"VALENTINES &#8211; Blouse VANESSA en coton roses rouges et broderie anglaise"},"content":{"rendered":"<p>Blouse en coton roses rouges et broderie anglaise, deux liens sur le devant, cintr\u00e9e, d\u00e9collet\u00e9 en V, manches courtes bouffantes, parties en broderies anglaises sur le corps et les manches. 100% coton.<\/p>\n<p>Fait partie de notre capsule tr\u00e8s limit\u00e9e pour la Saint-Valentin.<\/p>\n","protected":false},"excerpt":{"rendered":"<p>Blouse en coton roses rouges et broderie anglaise, deux liens sur le devant, cintr\u00e9e, d\u00e9collet\u00e9 en V, manches courtes bouffantes, parties en&hellip;<\/p>\n","protected":false},"featured_media":383603,"template":"","meta":[],"product_brand":[],"product_cat":[663,668,674,661],"product_tag":[],"class_list":{"0":"post-383589","1":"product","2":"type-product","3":"status-publish","4":"has-post-thumbnail","6":"product_cat-blouses","7":"product_cat-capsule","8":"product_cat-tops","9":"product_cat-tout-voir","11":"first","12":"outofstock","13":"taxable","14":"shipping-taxable","15":"purchasable","16":"product-type-variable"},"_links":{"self":[{"href":"https:\/\/maisoncleo.com\/fr\/wp-json\/wp\/v2\/product\/383589","targetHints":{"allow":["GET"]}}],"collection":[{"href":"https:\/\/maisoncleo.com\/fr\/wp-json\/wp\/v2\/product"}],"about":[{"href":"https:\/\/maisoncleo.com\/fr\/wp-json\/wp\/v2\/types\/product"}],"version-history":[{"count":2,"href":"https:\/\/maisoncleo.com\/fr\/wp-json\/wp\/v2\/product\/383589\/revisions"}],"predecessor-version":[{"id":383616,"href":"https:\/\/maisoncleo.com\/fr\/wp-json\/wp\/v2\/product\/383589\/revisions\/383616"}],"wp:featuredmedia":[{"embeddable":true,"href":"https:\/\/maisoncleo.com\/fr\/wp-json\/wp\/v2\/media\/383603"}],"wp:attachment":[{"href":"https:\/\/maisoncleo.com\/fr\/wp-json\/wp\/v2\/media?parent=383589"}],"wp:term":[{"taxonomy":"product_brand","embeddable":true,"href":"https:\/\/maisoncleo.com\/fr\/wp-json\/wp\/v2\/product_brand?post=383589"},{"taxonomy":"product_cat","embeddable":true,"href":"https:\/\/maisoncleo.com\/fr\/wp-json\/wp\/v2\/product_cat?post=383589"},{"taxonomy":"product_tag","embeddable":true,"href":"https:\/\/maisoncleo.com\/fr\/wp-json\/wp\/v2\/product_tag?post=383589"}],"curies":[{"name":"wp","href":"https:\/\/api.w.org\/{rel}","templated":true}]}}