{"id":383539,"date":"2025-02-04T17:39:48","date_gmt":"2025-02-04T15:39:48","guid":{"rendered":"https:\/\/maisoncleo.com\/?post_type=product&#038;p=383539"},"modified":"2025-02-11T17:42:14","modified_gmt":"2025-02-11T15:42:14","slug":"ready-to-ship-la-badoule-look-33-robe-tricotee-en-coton-organique-rouge-vif-chloe-copy","status":"publish","type":"product","link":"https:\/\/maisoncleo.com\/fr\/shop\/ready-to-ship-la-badoule-look-33-robe-tricotee-en-coton-organique-rouge-vif-chloe-copy\/","title":{"rendered":"READY-TO-SHIP &#8211; LA BADOULE LOOK 33 &#8211; Robe tricot\u00e9e en coton organique rouge vif CHLOE"},"content":{"rendered":"<p>Robe tricot\u00e9e en coton organique rouge vif. D\u00e9licieusement faite avec un travail de d\u00e9tails dans le bas de la robe, assym\u00e9trique, l\u00e9g\u00e8rement plus long derri\u00e8re que devant, deux bretelles.<\/p>\n<p>Nous avons besoin de 2,5 heures pour en tricoter une. Vous pouvez demander la longueur que vous souhaitez. Litt\u00e9ralement la robe \u00e0 porter pour toutes les occasions cet \u00e9t\u00e9!<\/p>\n<p>LOOK 33 de notre pr\u00e9 collection printemps \u00e9t\u00e9 \u201cLa BADOULE\u201d.<\/p>\n<p>La mod\u00e8le mesure 1m74 et porte une taille S\/36.<\/p>\n","protected":false},"excerpt":{"rendered":"<p>Robe tricot\u00e9e en coton organique rouge vif. D\u00e9licieusement faite avec un travail de d\u00e9tails dans le bas de la robe, assym\u00e9trique, l\u00e9g\u00e8rement&hellip;<\/p>\n","protected":false},"featured_media":356235,"template":"","meta":[],"product_brand":[],"product_cat":[913],"product_tag":[],"class_list":{"0":"post-383539","1":"product","2":"type-product","3":"status-publish","4":"has-post-thumbnail","6":"product_cat-ready-to-ship","8":"first","9":"instock","10":"taxable","11":"shipping-taxable","12":"purchasable","13":"product-type-variable"},"_links":{"self":[{"href":"https:\/\/maisoncleo.com\/fr\/wp-json\/wp\/v2\/product\/383539","targetHints":{"allow":["GET"]}}],"collection":[{"href":"https:\/\/maisoncleo.com\/fr\/wp-json\/wp\/v2\/product"}],"about":[{"href":"https:\/\/maisoncleo.com\/fr\/wp-json\/wp\/v2\/types\/product"}],"version-history":[{"count":2,"href":"https:\/\/maisoncleo.com\/fr\/wp-json\/wp\/v2\/product\/383539\/revisions"}],"predecessor-version":[{"id":383544,"href":"https:\/\/maisoncleo.com\/fr\/wp-json\/wp\/v2\/product\/383539\/revisions\/383544"}],"wp:featuredmedia":[{"embeddable":true,"href":"https:\/\/maisoncleo.com\/fr\/wp-json\/wp\/v2\/media\/356235"}],"wp:attachment":[{"href":"https:\/\/maisoncleo.com\/fr\/wp-json\/wp\/v2\/media?parent=383539"}],"wp:term":[{"taxonomy":"product_brand","embeddable":true,"href":"https:\/\/maisoncleo.com\/fr\/wp-json\/wp\/v2\/product_brand?post=383539"},{"taxonomy":"product_cat","embeddable":true,"href":"https:\/\/maisoncleo.com\/fr\/wp-json\/wp\/v2\/product_cat?post=383539"},{"taxonomy":"product_tag","embeddable":true,"href":"https:\/\/maisoncleo.com\/fr\/wp-json\/wp\/v2\/product_tag?post=383539"}],"curies":[{"name":"wp","href":"https:\/\/api.w.org\/{rel}","templated":true}]}}