{"id":383494,"date":"2025-02-04T12:45:00","date_gmt":"2025-02-11T10:45:00","guid":{"rendered":"https:\/\/maisoncleo.com\/?post_type=product&#038;p=383494"},"modified":"2025-02-11T12:47:44","modified_gmt":"2025-02-11T10:47:44","slug":"ready-to-ship-fw22-runway-look-6-debardeur-noir-en-laine-rose-rouge-sacha-copy","status":"publish","type":"product","link":"https:\/\/maisoncleo.com\/fr\/shop\/ready-to-ship-fw22-runway-look-6-debardeur-noir-en-laine-rose-rouge-sacha-copy\/","title":{"rendered":"READY-TO-SHIP &#8211; FW22 RUNWAY LOOK 6 &#8211; D\u00e9bardeur noir en laine rose rouge SACHA"},"content":{"rendered":"<p>D\u00e9bardeur noir en laine tricot\u00e9 avec rose rouge sur le milieu devant.<\/p>\n<p>D\u00e9collet\u00e9 carr\u00e9. Bretelles bords c\u00f4tes. Fil m\u00e9lange de laine.<\/p>\n<p>LOOK 6 de notre d\u00e9fil\u00e9 automne hiver \u00ab\u00a0L&rsquo;Affranchie\u00a0\u00bb de septembre 2022.<\/p>\n<p>La mod\u00e8le mesure 172 cm et porte une taille S-36 .<\/p>\n","protected":false},"excerpt":{"rendered":"<p>D\u00e9bardeur noir en laine tricot\u00e9 avec rose rouge sur le milieu devant. D\u00e9collet\u00e9 carr\u00e9. Bretelles bords c\u00f4tes. Fil m\u00e9lange de laine. LOOK&hellip;<\/p>\n","protected":false},"featured_media":344753,"template":"","meta":[],"product_brand":[],"product_cat":[913],"product_tag":[],"class_list":{"0":"post-383494","1":"product","2":"type-product","3":"status-publish","4":"has-post-thumbnail","6":"product_cat-ready-to-ship","8":"first","9":"instock","10":"taxable","11":"shipping-taxable","12":"purchasable","13":"product-type-variable"},"_links":{"self":[{"href":"https:\/\/maisoncleo.com\/fr\/wp-json\/wp\/v2\/product\/383494","targetHints":{"allow":["GET"]}}],"collection":[{"href":"https:\/\/maisoncleo.com\/fr\/wp-json\/wp\/v2\/product"}],"about":[{"href":"https:\/\/maisoncleo.com\/fr\/wp-json\/wp\/v2\/types\/product"}],"version-history":[{"count":2,"href":"https:\/\/maisoncleo.com\/fr\/wp-json\/wp\/v2\/product\/383494\/revisions"}],"predecessor-version":[{"id":383499,"href":"https:\/\/maisoncleo.com\/fr\/wp-json\/wp\/v2\/product\/383494\/revisions\/383499"}],"wp:featuredmedia":[{"embeddable":true,"href":"https:\/\/maisoncleo.com\/fr\/wp-json\/wp\/v2\/media\/344753"}],"wp:attachment":[{"href":"https:\/\/maisoncleo.com\/fr\/wp-json\/wp\/v2\/media?parent=383494"}],"wp:term":[{"taxonomy":"product_brand","embeddable":true,"href":"https:\/\/maisoncleo.com\/fr\/wp-json\/wp\/v2\/product_brand?post=383494"},{"taxonomy":"product_cat","embeddable":true,"href":"https:\/\/maisoncleo.com\/fr\/wp-json\/wp\/v2\/product_cat?post=383494"},{"taxonomy":"product_tag","embeddable":true,"href":"https:\/\/maisoncleo.com\/fr\/wp-json\/wp\/v2\/product_tag?post=383494"}],"curies":[{"name":"wp","href":"https:\/\/api.w.org\/{rel}","templated":true}]}}