{"id":383257,"date":"2025-02-04T16:25:05","date_gmt":"2025-02-04T14:25:05","guid":{"rendered":"https:\/\/maisoncleo.com\/?post_type=product&#038;p=383257"},"modified":"2025-02-13T18:19:54","modified_gmt":"2025-02-13T16:19:54","slug":"ready-to-ship-robe-jaune-carreaux-plissee-en-tweed-nancy-copy","status":"publish","type":"product","link":"https:\/\/maisoncleo.com\/fr\/shop\/ready-to-ship-robe-jaune-carreaux-plissee-en-tweed-nancy-copy\/","title":{"rendered":"READY-TO-SHIP &#8211; Robe blanche cass\u00e9e asym\u00e9trique JOSEPHINE"},"content":{"rendered":"<p>Robe asym\u00e9trique en coton blanc cass\u00e9 avec un profond d\u00e9collet\u00e9 en V, plus longue au dos que devant. Manches longues.<\/p>\n<p>La mod\u00e8le mesure 173 cm, elle porte un 36.<\/p>\n","protected":false},"excerpt":{"rendered":"<p>Robe asym\u00e9trique en coton blanc cass\u00e9 avec un profond d\u00e9collet\u00e9 en V, plus longue au dos que devant. Manches longues. La mod\u00e8le&hellip;<\/p>\n","protected":false},"featured_media":383264,"template":"","meta":[],"product_brand":[],"product_cat":[913],"product_tag":[],"class_list":{"0":"post-383257","1":"product","2":"type-product","3":"status-publish","4":"has-post-thumbnail","6":"product_cat-ready-to-ship","8":"first","9":"instock","10":"taxable","11":"shipping-taxable","12":"purchasable","13":"product-type-variable"},"_links":{"self":[{"href":"https:\/\/maisoncleo.com\/fr\/wp-json\/wp\/v2\/product\/383257","targetHints":{"allow":["GET"]}}],"collection":[{"href":"https:\/\/maisoncleo.com\/fr\/wp-json\/wp\/v2\/product"}],"about":[{"href":"https:\/\/maisoncleo.com\/fr\/wp-json\/wp\/v2\/types\/product"}],"version-history":[{"count":1,"href":"https:\/\/maisoncleo.com\/fr\/wp-json\/wp\/v2\/product\/383257\/revisions"}],"predecessor-version":[{"id":383282,"href":"https:\/\/maisoncleo.com\/fr\/wp-json\/wp\/v2\/product\/383257\/revisions\/383282"}],"wp:featuredmedia":[{"embeddable":true,"href":"https:\/\/maisoncleo.com\/fr\/wp-json\/wp\/v2\/media\/383264"}],"wp:attachment":[{"href":"https:\/\/maisoncleo.com\/fr\/wp-json\/wp\/v2\/media?parent=383257"}],"wp:term":[{"taxonomy":"product_brand","embeddable":true,"href":"https:\/\/maisoncleo.com\/fr\/wp-json\/wp\/v2\/product_brand?post=383257"},{"taxonomy":"product_cat","embeddable":true,"href":"https:\/\/maisoncleo.com\/fr\/wp-json\/wp\/v2\/product_cat?post=383257"},{"taxonomy":"product_tag","embeddable":true,"href":"https:\/\/maisoncleo.com\/fr\/wp-json\/wp\/v2\/product_tag?post=383257"}],"curies":[{"name":"wp","href":"https:\/\/api.w.org\/{rel}","templated":true}]}}