{"id":383054,"date":"2026-03-12T13:14:17","date_gmt":"2026-03-12T11:14:17","guid":{"rendered":"https:\/\/maisoncleo.com\/?post_type=product&#038;p=383054"},"modified":"2025-02-06T13:23:23","modified_gmt":"2025-02-06T11:23:23","slug":"runway-look-12-pareo-de-plage-dauphins-et-coquillages-copy-2","status":"publish","type":"product","link":"https:\/\/maisoncleo.com\/fr\/shop\/runway-look-12-pareo-de-plage-dauphins-et-coquillages-copy-2\/","title":{"rendered":"READY-TO- SHIP &#8211; RUNWAY LOOK 12 &#8211; Par\u00e9o de plage dauphins et coquillages"},"content":{"rendered":"<p id=\"tw-target-text\" class=\"tw-data-text tw-text-large tw-ta\" dir=\"ltr\" data-placeholder=\"Traduction\"><span class=\"Y2IQFc\" lang=\"fr\">Par\u00e9o de plage dauphins et coquillages r\u00e9alis\u00e9 en maille en collaboration avec mon amie Xenab Lone, fondatrice d&rsquo;Aun\u00e9 Collections. A nouer autour de la taille. <\/span><\/p>\n<p class=\"tw-data-text tw-text-large tw-ta\" dir=\"ltr\" data-placeholder=\"Traduction\"><span class=\"Y2IQFc\" lang=\"fr\">LOOK 12 de notre premier d\u00e9fil\u00e9 \u00ab\u00a0Premi\u00e8re Fois\u00a0\u00bb en mars 2022. <\/span><\/p>\n<p class=\"tw-data-text tw-text-large tw-ta\" dir=\"ltr\" data-placeholder=\"Traduction\"><span class=\"Y2IQFc\" lang=\"fr\">La mod\u00e8le mesure 1m75 et porte une taille S-36.<\/span><\/p>\n","protected":false},"excerpt":{"rendered":"<p>Par\u00e9o de plage dauphins et coquillages r\u00e9alis\u00e9 en maille en collaboration avec mon amie Xenab Lone, fondatrice d&rsquo;Aun\u00e9 Collections. A nouer autour&hellip;<\/p>\n","protected":false},"featured_media":341176,"template":"","meta":[],"product_brand":[],"product_cat":[913],"product_tag":[],"class_list":{"0":"post-383054","1":"product","2":"type-product","3":"status-publish","4":"has-post-thumbnail","6":"product_cat-ready-to-ship","8":"first","9":"instock","10":"taxable","11":"shipping-taxable","12":"purchasable","13":"product-type-variable"},"_links":{"self":[{"href":"https:\/\/maisoncleo.com\/fr\/wp-json\/wp\/v2\/product\/383054","targetHints":{"allow":["GET"]}}],"collection":[{"href":"https:\/\/maisoncleo.com\/fr\/wp-json\/wp\/v2\/product"}],"about":[{"href":"https:\/\/maisoncleo.com\/fr\/wp-json\/wp\/v2\/types\/product"}],"version-history":[{"count":2,"href":"https:\/\/maisoncleo.com\/fr\/wp-json\/wp\/v2\/product\/383054\/revisions"}],"predecessor-version":[{"id":383069,"href":"https:\/\/maisoncleo.com\/fr\/wp-json\/wp\/v2\/product\/383054\/revisions\/383069"}],"wp:featuredmedia":[{"embeddable":true,"href":"https:\/\/maisoncleo.com\/fr\/wp-json\/wp\/v2\/media\/341176"}],"wp:attachment":[{"href":"https:\/\/maisoncleo.com\/fr\/wp-json\/wp\/v2\/media?parent=383054"}],"wp:term":[{"taxonomy":"product_brand","embeddable":true,"href":"https:\/\/maisoncleo.com\/fr\/wp-json\/wp\/v2\/product_brand?post=383054"},{"taxonomy":"product_cat","embeddable":true,"href":"https:\/\/maisoncleo.com\/fr\/wp-json\/wp\/v2\/product_cat?post=383054"},{"taxonomy":"product_tag","embeddable":true,"href":"https:\/\/maisoncleo.com\/fr\/wp-json\/wp\/v2\/product_tag?post=383054"}],"curies":[{"name":"wp","href":"https:\/\/api.w.org\/{rel}","templated":true}]}}