{"id":383003,"date":"2025-02-04T12:51:05","date_gmt":"2025-02-04T10:51:05","guid":{"rendered":"https:\/\/maisoncleo.com\/?post_type=product&#038;p=383003"},"modified":"2025-07-22T11:23:51","modified_gmt":"2025-07-22T09:23:51","slug":"blouse-agnes-en-soie-duchesse-marron-glace-copy","status":"publish","type":"product","link":"https:\/\/maisoncleo.com\/fr\/shop\/blouse-agnes-en-soie-duchesse-marron-glace-copy\/","title":{"rendered":"READY-TO- SHIP &#8211; Blouse Agnes en soie duchesse marron glac\u00e9"},"content":{"rendered":"<p><span style=\"font-weight: 400;\">Blouse Agn\u00e8s en soie marron glac\u00e9, coupe oversize, manches larges bouffantes, deux liens \u00e0 nouer sur le devant.<\/span><\/p>\n<p><span style=\"font-weight: 400;\">Notre blouse iconique.<\/span><\/p>\n<p><span style=\"font-weight: 400;\">100% soie.<\/span><\/p>\n<p><span style=\"font-weight: 400;\">La mod\u00e8le mesure 1,72 m.<\/span><\/p>\n","protected":false},"excerpt":{"rendered":"<p>Blouse Agn\u00e8s en soie marron glac\u00e9, coupe oversize, manches larges bouffantes, deux liens \u00e0 nouer sur le devant. Notre blouse iconique. 100%&hellip;<\/p>\n","protected":false},"featured_media":371239,"template":"","meta":[],"product_brand":[],"product_cat":[913],"product_tag":[],"class_list":{"0":"post-383003","1":"product","2":"type-product","3":"status-publish","4":"has-post-thumbnail","6":"product_cat-ready-to-ship","8":"first","9":"instock","10":"taxable","11":"shipping-taxable","12":"purchasable","13":"product-type-variable"},"_links":{"self":[{"href":"https:\/\/maisoncleo.com\/fr\/wp-json\/wp\/v2\/product\/383003","targetHints":{"allow":["GET"]}}],"collection":[{"href":"https:\/\/maisoncleo.com\/fr\/wp-json\/wp\/v2\/product"}],"about":[{"href":"https:\/\/maisoncleo.com\/fr\/wp-json\/wp\/v2\/types\/product"}],"version-history":[{"count":3,"href":"https:\/\/maisoncleo.com\/fr\/wp-json\/wp\/v2\/product\/383003\/revisions"}],"predecessor-version":[{"id":389020,"href":"https:\/\/maisoncleo.com\/fr\/wp-json\/wp\/v2\/product\/383003\/revisions\/389020"}],"wp:featuredmedia":[{"embeddable":true,"href":"https:\/\/maisoncleo.com\/fr\/wp-json\/wp\/v2\/media\/371239"}],"wp:attachment":[{"href":"https:\/\/maisoncleo.com\/fr\/wp-json\/wp\/v2\/media?parent=383003"}],"wp:term":[{"taxonomy":"product_brand","embeddable":true,"href":"https:\/\/maisoncleo.com\/fr\/wp-json\/wp\/v2\/product_brand?post=383003"},{"taxonomy":"product_cat","embeddable":true,"href":"https:\/\/maisoncleo.com\/fr\/wp-json\/wp\/v2\/product_cat?post=383003"},{"taxonomy":"product_tag","embeddable":true,"href":"https:\/\/maisoncleo.com\/fr\/wp-json\/wp\/v2\/product_tag?post=383003"}],"curies":[{"name":"wp","href":"https:\/\/api.w.org\/{rel}","templated":true}]}}