{"id":382699,"date":"2025-02-04T10:35:18","date_gmt":"2025-02-06T08:35:19","guid":{"rendered":"https:\/\/maisoncleo.com\/?post_type=product&#038;p=382699"},"modified":"2025-02-06T10:39:04","modified_gmt":"2025-02-06T08:39:04","slug":"la-badoule-look-1-mini-jupe-en-coton-layhana-avec-broderie-anglaise-et-details-de-coeurs-copy","status":"publish","type":"product","link":"https:\/\/maisoncleo.com\/fr\/shop\/la-badoule-look-1-mini-jupe-en-coton-layhana-avec-broderie-anglaise-et-details-de-coeurs-copy\/","title":{"rendered":"READY-TO- SHIP &#8211; LA BADOULE LOOK 1 &#8211; Mini jupe en coton LAYHANA avec broderie anglaise et d\u00e9tails de coeurs"},"content":{"rendered":"<p>Mini jupe en coton avec broderie anglaise et d\u00e9tails de coeurs.<\/p>\n<p>Taille mi haute, broderie anglaise et lien \u00e0 nouer \u00e0 la taille, coupe trap\u00e8ze, d\u00e9tails de petits coeurs dans le bas de la jupe.<\/p>\n<p>LOOK 1 de notre pr\u00e9 collection printemps \u00e9t\u00e9 \u00ab\u00a0LA BADOULE\u00a0\u00bb.<\/p>\n<p>Longueur totale : 31 cm.<\/p>\n<p>La mod\u00e8le mesure 1m74 et porte une taille S\/36.<\/p>\n","protected":false},"excerpt":{"rendered":"<p>Mini jupe en coton avec broderie anglaise et d\u00e9tails de coeurs. Taille mi haute, broderie anglaise et lien \u00e0 nouer \u00e0 la&hellip;<\/p>\n","protected":false},"featured_media":355353,"template":"","meta":[],"product_brand":[],"product_cat":[913],"product_tag":[],"class_list":{"0":"post-382699","1":"product","2":"type-product","3":"status-publish","4":"has-post-thumbnail","6":"product_cat-ready-to-ship","8":"first","9":"instock","10":"taxable","11":"shipping-taxable","12":"purchasable","13":"product-type-variable"},"_links":{"self":[{"href":"https:\/\/maisoncleo.com\/fr\/wp-json\/wp\/v2\/product\/382699","targetHints":{"allow":["GET"]}}],"collection":[{"href":"https:\/\/maisoncleo.com\/fr\/wp-json\/wp\/v2\/product"}],"about":[{"href":"https:\/\/maisoncleo.com\/fr\/wp-json\/wp\/v2\/types\/product"}],"version-history":[{"count":2,"href":"https:\/\/maisoncleo.com\/fr\/wp-json\/wp\/v2\/product\/382699\/revisions"}],"predecessor-version":[{"id":382709,"href":"https:\/\/maisoncleo.com\/fr\/wp-json\/wp\/v2\/product\/382699\/revisions\/382709"}],"wp:featuredmedia":[{"embeddable":true,"href":"https:\/\/maisoncleo.com\/fr\/wp-json\/wp\/v2\/media\/355353"}],"wp:attachment":[{"href":"https:\/\/maisoncleo.com\/fr\/wp-json\/wp\/v2\/media?parent=382699"}],"wp:term":[{"taxonomy":"product_brand","embeddable":true,"href":"https:\/\/maisoncleo.com\/fr\/wp-json\/wp\/v2\/product_brand?post=382699"},{"taxonomy":"product_cat","embeddable":true,"href":"https:\/\/maisoncleo.com\/fr\/wp-json\/wp\/v2\/product_cat?post=382699"},{"taxonomy":"product_tag","embeddable":true,"href":"https:\/\/maisoncleo.com\/fr\/wp-json\/wp\/v2\/product_tag?post=382699"}],"curies":[{"name":"wp","href":"https:\/\/api.w.org\/{rel}","templated":true}]}}