{"id":382271,"date":"2025-02-04T17:27:47","date_gmt":"2025-02-04T15:27:47","guid":{"rendered":"https:\/\/maisoncleo.com\/?post_type=product&#038;p=382271"},"modified":"2025-02-05T17:31:44","modified_gmt":"2025-02-05T15:31:44","slug":"la-poupette-defile-look-24-mini-robe-rozenn-en-jersey-beige-avec-details-copy-2","status":"publish","type":"product","link":"https:\/\/maisoncleo.com\/fr\/shop\/la-poupette-defile-look-24-mini-robe-rozenn-en-jersey-beige-avec-details-copy-2\/","title":{"rendered":"READY-TO-SHIP &#8211; LA POUPETTE D\u00c9FIL\u00c9 LOOK 24 &#8211; Mini robe ROZENN en jersey beige avec d\u00e9tails"},"content":{"rendered":"<p>Mini robe en jersey beige avec d\u00e9tails. D\u00e9tails de plis asym\u00e9triques avec deux bretelles diff\u00e9rentes : une beige volant\u00e9e, l&rsquo;autre habill\u00e9e d&rsquo;un noeud en satin beige avec une perle.<\/p>\n<p>Coupe ajust\u00e9e, tissu en jersey beige.<\/p>\n<p>La mod\u00e8le mesure 1m75 et porte une taille S-36.<\/p>\n","protected":false},"excerpt":{"rendered":"<p>Mini robe en jersey beige avec d\u00e9tails. D\u00e9tails de plis asym\u00e9triques avec deux bretelles diff\u00e9rentes : une beige volant\u00e9e, l&rsquo;autre habill\u00e9e d&rsquo;un&hellip;<\/p>\n","protected":false},"featured_media":352735,"template":"","meta":[],"product_brand":[],"product_cat":[913],"product_tag":[],"class_list":{"0":"post-382271","1":"product","2":"type-product","3":"status-publish","4":"has-post-thumbnail","6":"product_cat-ready-to-ship","8":"first","9":"instock","10":"taxable","11":"shipping-taxable","12":"purchasable","13":"product-type-variable"},"_links":{"self":[{"href":"https:\/\/maisoncleo.com\/fr\/wp-json\/wp\/v2\/product\/382271","targetHints":{"allow":["GET"]}}],"collection":[{"href":"https:\/\/maisoncleo.com\/fr\/wp-json\/wp\/v2\/product"}],"about":[{"href":"https:\/\/maisoncleo.com\/fr\/wp-json\/wp\/v2\/types\/product"}],"version-history":[{"count":2,"href":"https:\/\/maisoncleo.com\/fr\/wp-json\/wp\/v2\/product\/382271\/revisions"}],"predecessor-version":[{"id":382281,"href":"https:\/\/maisoncleo.com\/fr\/wp-json\/wp\/v2\/product\/382271\/revisions\/382281"}],"wp:featuredmedia":[{"embeddable":true,"href":"https:\/\/maisoncleo.com\/fr\/wp-json\/wp\/v2\/media\/352735"}],"wp:attachment":[{"href":"https:\/\/maisoncleo.com\/fr\/wp-json\/wp\/v2\/media?parent=382271"}],"wp:term":[{"taxonomy":"product_brand","embeddable":true,"href":"https:\/\/maisoncleo.com\/fr\/wp-json\/wp\/v2\/product_brand?post=382271"},{"taxonomy":"product_cat","embeddable":true,"href":"https:\/\/maisoncleo.com\/fr\/wp-json\/wp\/v2\/product_cat?post=382271"},{"taxonomy":"product_tag","embeddable":true,"href":"https:\/\/maisoncleo.com\/fr\/wp-json\/wp\/v2\/product_tag?post=382271"}],"curies":[{"name":"wp","href":"https:\/\/api.w.org\/{rel}","templated":true}]}}