{"id":382236,"date":"2025-02-04T17:13:39","date_gmt":"2025-02-05T15:13:39","guid":{"rendered":"https:\/\/maisoncleo.com\/?post_type=product&#038;p=382236"},"modified":"2025-02-05T17:15:49","modified_gmt":"2025-02-05T15:15:49","slug":"ready-to-ship-blouse-en-soie-jus-dorange-avec-manches-bouffantes-copy","status":"publish","type":"product","link":"https:\/\/maisoncleo.com\/fr\/shop\/ready-to-ship-blouse-en-soie-jus-dorange-avec-manches-bouffantes-copy\/","title":{"rendered":"READY-TO-SHIP &#8211; Blouse en soie jus d&rsquo;orange avec manches bouffantes"},"content":{"rendered":"<p>Blouse en soie jus d&rsquo;orange avec manches bouffantes et liens sur le devant.<\/p>\n<p>D\u00e9collet\u00e9 arrondi, trois liens sur le devant. D\u00e9collet\u00e9, bas des manches et dessous poitrine \u00e9lastiqu\u00e9s. Petites manches bouffantes, bas l\u00e9g\u00e8rement \u00e9vas\u00e9. 100% soie sauvage.<\/p>\n<p>La petite blouse flatteuse \u00e0 porter avec sa jupe assortie ou avec une paire de jeans!<\/p>\n<p>LOOK 4 de notre pr\u00e9 collection printemps \u00e9t\u00e9 \u00ab\u00a0LA BADOULE\u00a0\u00bb.<\/p>\n<p>Longueur totale \u00e0 partir de milieu dos : 33 cm.<\/p>\n<p>La mod\u00e8le mesure 1m74 et porte une taille S\/36.<\/p>\n","protected":false},"excerpt":{"rendered":"<p>Blouse en soie jus d&rsquo;orange avec manches bouffantes et liens sur le devant. D\u00e9collet\u00e9 arrondi, trois liens sur le devant. D\u00e9collet\u00e9, bas&hellip;<\/p>\n","protected":false},"featured_media":355425,"template":"","meta":[],"product_brand":[],"product_cat":[913],"product_tag":[],"class_list":{"0":"post-382236","1":"product","2":"type-product","3":"status-publish","4":"has-post-thumbnail","6":"product_cat-ready-to-ship","8":"first","9":"instock","10":"taxable","11":"shipping-taxable","12":"purchasable","13":"product-type-variable"},"_links":{"self":[{"href":"https:\/\/maisoncleo.com\/fr\/wp-json\/wp\/v2\/product\/382236","targetHints":{"allow":["GET"]}}],"collection":[{"href":"https:\/\/maisoncleo.com\/fr\/wp-json\/wp\/v2\/product"}],"about":[{"href":"https:\/\/maisoncleo.com\/fr\/wp-json\/wp\/v2\/types\/product"}],"version-history":[{"count":2,"href":"https:\/\/maisoncleo.com\/fr\/wp-json\/wp\/v2\/product\/382236\/revisions"}],"predecessor-version":[{"id":382241,"href":"https:\/\/maisoncleo.com\/fr\/wp-json\/wp\/v2\/product\/382236\/revisions\/382241"}],"wp:featuredmedia":[{"embeddable":true,"href":"https:\/\/maisoncleo.com\/fr\/wp-json\/wp\/v2\/media\/355425"}],"wp:attachment":[{"href":"https:\/\/maisoncleo.com\/fr\/wp-json\/wp\/v2\/media?parent=382236"}],"wp:term":[{"taxonomy":"product_brand","embeddable":true,"href":"https:\/\/maisoncleo.com\/fr\/wp-json\/wp\/v2\/product_brand?post=382236"},{"taxonomy":"product_cat","embeddable":true,"href":"https:\/\/maisoncleo.com\/fr\/wp-json\/wp\/v2\/product_cat?post=382236"},{"taxonomy":"product_tag","embeddable":true,"href":"https:\/\/maisoncleo.com\/fr\/wp-json\/wp\/v2\/product_tag?post=382236"}],"curies":[{"name":"wp","href":"https:\/\/api.w.org\/{rel}","templated":true}]}}