{"id":382100,"date":"2025-02-05T09:00:49","date_gmt":"2025-02-05T07:00:49","guid":{"rendered":"https:\/\/maisoncleo.com\/?post_type=product&#038;p=382100"},"modified":"2025-06-07T00:14:43","modified_gmt":"2025-06-06T22:14:43","slug":"coup-de-foudre-ii-mini-jupe-fleurie-en-coton-sophia-copy","status":"publish","type":"product","link":"https:\/\/maisoncleo.com\/fr\/shop\/coup-de-foudre-ii-mini-jupe-fleurie-en-coton-sophia-copy\/","title":{"rendered":"Jupe Sophia trap\u00e8ze en coton blanc et parties dentelle fleurie"},"content":{"rendered":"<p>Jupe trap\u00e8ze en coton blanc et parties dentelle.<\/p>\n<p>Taille haute, fente sur le c\u00f4t\u00e9 devant, fermeture \u00e9clair dans le dos orn\u00e9e de dentelle de Calais avec des petites fleurs dans les d\u00e9coupes du la taille et du bas de la jupe. 100% cotton.<\/p>\n<p>Longueur : 37,5 cm. Comme chaque pi\u00e8ce est fabriqu\u00e9e \u00e0 la commande, vous pouvez demander la longueur que vous souhaitez lors des commentaires au moment du panier lors de la commande.<\/p>\n<p>La mod\u00e8le mesure 1m73 et porte une taille 36.<\/p>\n","protected":false},"excerpt":{"rendered":"<p>Jupe trap\u00e8ze en coton blanc et parties dentelle. Taille haute, fente sur le c\u00f4t\u00e9 devant, fermeture \u00e9clair dans le dos orn\u00e9e de&hellip;<\/p>\n","protected":false},"featured_media":382063,"template":"","meta":[],"product_brand":[],"product_cat":[672,661],"product_tag":[],"class_list":{"0":"post-382100","1":"product","2":"type-product","3":"status-publish","4":"has-post-thumbnail","6":"product_cat-jupes","7":"product_cat-tout-voir","9":"first","10":"instock","11":"taxable","12":"shipping-taxable","13":"purchasable","14":"product-type-variable"},"_links":{"self":[{"href":"https:\/\/maisoncleo.com\/fr\/wp-json\/wp\/v2\/product\/382100","targetHints":{"allow":["GET"]}}],"collection":[{"href":"https:\/\/maisoncleo.com\/fr\/wp-json\/wp\/v2\/product"}],"about":[{"href":"https:\/\/maisoncleo.com\/fr\/wp-json\/wp\/v2\/types\/product"}],"version-history":[{"count":2,"href":"https:\/\/maisoncleo.com\/fr\/wp-json\/wp\/v2\/product\/382100\/revisions"}],"predecessor-version":[{"id":382119,"href":"https:\/\/maisoncleo.com\/fr\/wp-json\/wp\/v2\/product\/382100\/revisions\/382119"}],"wp:featuredmedia":[{"embeddable":true,"href":"https:\/\/maisoncleo.com\/fr\/wp-json\/wp\/v2\/media\/382063"}],"wp:attachment":[{"href":"https:\/\/maisoncleo.com\/fr\/wp-json\/wp\/v2\/media?parent=382100"}],"wp:term":[{"taxonomy":"product_brand","embeddable":true,"href":"https:\/\/maisoncleo.com\/fr\/wp-json\/wp\/v2\/product_brand?post=382100"},{"taxonomy":"product_cat","embeddable":true,"href":"https:\/\/maisoncleo.com\/fr\/wp-json\/wp\/v2\/product_cat?post=382100"},{"taxonomy":"product_tag","embeddable":true,"href":"https:\/\/maisoncleo.com\/fr\/wp-json\/wp\/v2\/product_tag?post=382100"}],"curies":[{"name":"wp","href":"https:\/\/api.w.org\/{rel}","templated":true}]}}