{"id":382041,"date":"2025-02-05T09:10:40","date_gmt":"2025-02-05T11:49:40","guid":{"rendered":"https:\/\/maisoncleo.com\/?post_type=product&#038;p=382041"},"modified":"2025-06-07T00:14:43","modified_gmt":"2025-06-06T22:14:43","slug":"blouse-vanessa-en-coton-blanc-avec-grosses-fleurs-en-dentelle-copy","status":"publish","type":"product","link":"https:\/\/maisoncleo.com\/fr\/shop\/blouse-vanessa-en-coton-blanc-avec-grosses-fleurs-en-dentelle-copy\/","title":{"rendered":"Blouse VANESSA bouffante en coton blanc et dentelle"},"content":{"rendered":"<p>Blouse bouffante en coton blanc et dentelle, deux liens sur le devant, cintr\u00e9e, d\u00e9collet\u00e9 en V, manches courtes bouffantes, parties en dentelle sur le corps et les manches. 100% coton.<\/p>\n<p>A porter en ensemble avec la jupe assortie ou avec votre paire de jeans favori.<\/p>\n<p>La mod\u00e8le mesure 173 cm et porte une taille 36.<\/p>\n","protected":false},"excerpt":{"rendered":"<p>Blouse bouffante en coton blanc et dentelle, deux liens sur le devant, cintr\u00e9e, d\u00e9collet\u00e9 en V, manches courtes bouffantes, parties en dentelle&hellip;<\/p>\n","protected":false},"featured_media":382069,"template":"","meta":[],"product_brand":[],"product_cat":[663,668,674,661],"product_tag":[],"class_list":{"0":"post-382041","1":"product","2":"type-product","3":"status-publish","4":"has-post-thumbnail","6":"product_cat-blouses","7":"product_cat-capsule","8":"product_cat-tops","9":"product_cat-tout-voir","11":"first","12":"instock","13":"taxable","14":"shipping-taxable","15":"purchasable","16":"product-type-variable"},"_links":{"self":[{"href":"https:\/\/maisoncleo.com\/fr\/wp-json\/wp\/v2\/product\/382041","targetHints":{"allow":["GET"]}}],"collection":[{"href":"https:\/\/maisoncleo.com\/fr\/wp-json\/wp\/v2\/product"}],"about":[{"href":"https:\/\/maisoncleo.com\/fr\/wp-json\/wp\/v2\/types\/product"}],"version-history":[{"count":2,"href":"https:\/\/maisoncleo.com\/fr\/wp-json\/wp\/v2\/product\/382041\/revisions"}],"predecessor-version":[{"id":382092,"href":"https:\/\/maisoncleo.com\/fr\/wp-json\/wp\/v2\/product\/382041\/revisions\/382092"}],"wp:featuredmedia":[{"embeddable":true,"href":"https:\/\/maisoncleo.com\/fr\/wp-json\/wp\/v2\/media\/382069"}],"wp:attachment":[{"href":"https:\/\/maisoncleo.com\/fr\/wp-json\/wp\/v2\/media?parent=382041"}],"wp:term":[{"taxonomy":"product_brand","embeddable":true,"href":"https:\/\/maisoncleo.com\/fr\/wp-json\/wp\/v2\/product_brand?post=382041"},{"taxonomy":"product_cat","embeddable":true,"href":"https:\/\/maisoncleo.com\/fr\/wp-json\/wp\/v2\/product_cat?post=382041"},{"taxonomy":"product_tag","embeddable":true,"href":"https:\/\/maisoncleo.com\/fr\/wp-json\/wp\/v2\/product_tag?post=382041"}],"curies":[{"name":"wp","href":"https:\/\/api.w.org\/{rel}","templated":true}]}}