{"id":381980,"date":"2025-02-05T09:20:44","date_gmt":"2025-02-05T07:20:44","guid":{"rendered":"https:\/\/maisoncleo.com\/?post_type=product&#038;p=381980"},"modified":"2025-08-07T10:58:07","modified_gmt":"2025-08-07T08:58:07","slug":"robe-louise-en-soie-et-coton-noir-volantee-copy","status":"publish","type":"product","link":"https:\/\/maisoncleo.com\/fr\/shop\/robe-louise-en-soie-et-coton-noir-volantee-copy\/","title":{"rendered":"Robe LOUISE en denim de coton bleu clair volant\u00e9e"},"content":{"rendered":"<p>Robe en denim de coton bleu clair volant\u00e9e.<\/p>\n<p>Coupe droite, volants sur le bas de la robe, fermeture \u00e9clair invisible milieu dos. La robe chou \u00e0 la cr\u00e8me!<\/p>\n<p>Longueur de milieu dos : 81 cm.<\/p>\n<p>Comme chaque pi\u00e8ce est fabriqu\u00e9e \u00e0 la commande, vous pouvez demander la longueur que vous souhaitez en l&rsquo;indiquant dans la case commentaire au moment du paiement.<\/p>\n<p>La mod\u00e8le mesure 1m80 et porte une taille 36.<\/p>\n","protected":false},"excerpt":{"rendered":"<p>Robe en denim de coton bleu clair volant\u00e9e. Coupe droite, volants sur le bas de la robe, fermeture \u00e9clair invisible milieu dos.&hellip;<\/p>\n","protected":false},"featured_media":381990,"template":"","meta":[],"product_brand":[],"product_cat":[668,664,661],"product_tag":[],"class_list":{"0":"post-381980","1":"product","2":"type-product","3":"status-publish","4":"has-post-thumbnail","6":"product_cat-capsule","7":"product_cat-robes","8":"product_cat-tout-voir","10":"first","11":"instock","12":"taxable","13":"shipping-taxable","14":"purchasable","15":"product-type-variable"},"_links":{"self":[{"href":"https:\/\/maisoncleo.com\/fr\/wp-json\/wp\/v2\/product\/381980","targetHints":{"allow":["GET"]}}],"collection":[{"href":"https:\/\/maisoncleo.com\/fr\/wp-json\/wp\/v2\/product"}],"about":[{"href":"https:\/\/maisoncleo.com\/fr\/wp-json\/wp\/v2\/types\/product"}],"version-history":[{"count":2,"href":"https:\/\/maisoncleo.com\/fr\/wp-json\/wp\/v2\/product\/381980\/revisions"}],"predecessor-version":[{"id":382025,"href":"https:\/\/maisoncleo.com\/fr\/wp-json\/wp\/v2\/product\/381980\/revisions\/382025"}],"wp:featuredmedia":[{"embeddable":true,"href":"https:\/\/maisoncleo.com\/fr\/wp-json\/wp\/v2\/media\/381990"}],"wp:attachment":[{"href":"https:\/\/maisoncleo.com\/fr\/wp-json\/wp\/v2\/media?parent=381980"}],"wp:term":[{"taxonomy":"product_brand","embeddable":true,"href":"https:\/\/maisoncleo.com\/fr\/wp-json\/wp\/v2\/product_brand?post=381980"},{"taxonomy":"product_cat","embeddable":true,"href":"https:\/\/maisoncleo.com\/fr\/wp-json\/wp\/v2\/product_cat?post=381980"},{"taxonomy":"product_tag","embeddable":true,"href":"https:\/\/maisoncleo.com\/fr\/wp-json\/wp\/v2\/product_tag?post=381980"}],"curies":[{"name":"wp","href":"https:\/\/api.w.org\/{rel}","templated":true}]}}