{"id":381906,"date":"2025-02-05T09:45:13","date_gmt":"2025-02-05T07:45:13","guid":{"rendered":"https:\/\/maisoncleo.com\/?post_type=product&#038;p=381906"},"modified":"2025-09-02T19:06:16","modified_gmt":"2025-09-02T17:06:16","slug":"blouse-coton-blanc-dentelle-froufrous-agnes-copy","status":"publish","type":"product","link":"https:\/\/maisoncleo.com\/fr\/shop\/blouse-coton-blanc-dentelle-froufrous-agnes-copy\/","title":{"rendered":"Top sans manches Rose en coton blanc avec dentelle froufrous"},"content":{"rendered":"<p>Top sans manches en coton blanc avec dentelle volant\u00e9e.<\/p>\n<p>Dentelle de Calais froufrous sur le d\u00e9collet\u00e9, la poitrine et le bas du top. Trois liens \u00e0 nouer. Coupe bas l\u00e9g\u00e8rement trap\u00e8ze. 100% coton.<\/p>\n<p>La mod\u00e8le mesure 1m73 et porte une taille 36.<\/p>\n","protected":false},"excerpt":{"rendered":"<p>Top sans manches en coton blanc avec dentelle volant\u00e9e. Dentelle de Calais froufrous sur le d\u00e9collet\u00e9, la poitrine et le bas du&hellip;<\/p>\n","protected":false},"featured_media":381935,"template":"","meta":[],"product_brand":[],"product_cat":[662,958,668,674,661],"product_tag":[],"class_list":{"0":"post-381906","1":"product","2":"type-product","3":"status-publish","4":"has-post-thumbnail","6":"product_cat-basiques","7":"product_cat-mariage-selection","8":"product_cat-capsule","9":"product_cat-tops","10":"product_cat-tout-voir","12":"first","13":"instock","14":"taxable","15":"shipping-taxable","16":"purchasable","17":"product-type-variable"},"_links":{"self":[{"href":"https:\/\/maisoncleo.com\/fr\/wp-json\/wp\/v2\/product\/381906","targetHints":{"allow":["GET"]}}],"collection":[{"href":"https:\/\/maisoncleo.com\/fr\/wp-json\/wp\/v2\/product"}],"about":[{"href":"https:\/\/maisoncleo.com\/fr\/wp-json\/wp\/v2\/types\/product"}],"version-history":[{"count":2,"href":"https:\/\/maisoncleo.com\/fr\/wp-json\/wp\/v2\/product\/381906\/revisions"}],"predecessor-version":[{"id":381971,"href":"https:\/\/maisoncleo.com\/fr\/wp-json\/wp\/v2\/product\/381906\/revisions\/381971"}],"wp:featuredmedia":[{"embeddable":true,"href":"https:\/\/maisoncleo.com\/fr\/wp-json\/wp\/v2\/media\/381935"}],"wp:attachment":[{"href":"https:\/\/maisoncleo.com\/fr\/wp-json\/wp\/v2\/media?parent=381906"}],"wp:term":[{"taxonomy":"product_brand","embeddable":true,"href":"https:\/\/maisoncleo.com\/fr\/wp-json\/wp\/v2\/product_brand?post=381906"},{"taxonomy":"product_cat","embeddable":true,"href":"https:\/\/maisoncleo.com\/fr\/wp-json\/wp\/v2\/product_cat?post=381906"},{"taxonomy":"product_tag","embeddable":true,"href":"https:\/\/maisoncleo.com\/fr\/wp-json\/wp\/v2\/product_tag?post=381906"}],"curies":[{"name":"wp","href":"https:\/\/api.w.org\/{rel}","templated":true}]}}