{"id":381844,"date":"2025-02-05T09:40:49","date_gmt":"2025-02-05T11:14:50","guid":{"rendered":"https:\/\/maisoncleo.com\/?post_type=product&#038;p=381844"},"modified":"2025-03-03T11:07:21","modified_gmt":"2025-03-03T09:07:21","slug":"jupe-romy-froncee-en-jean-denim-de-coton-brut-copy-2","status":"publish","type":"product","link":"https:\/\/maisoncleo.com\/fr\/shop\/jupe-romy-froncee-en-jean-denim-de-coton-brut-copy-2\/","title":{"rendered":"Jupe CLOTHILDE mi-longue en denim brut l\u00e9ger avec d\u00e9coupes"},"content":{"rendered":"<p>Jupe mi-longue l\u00e9g\u00e8rement \u00e9vas\u00e9e en denim brut l\u00e9ger avec d\u00e9coupes.<\/p>\n<p>Coutures finitions camel, taille mi-haute, poches devant et dos, fermeture \u00e9clair sur le devant, d\u00e9tails de poches sur les c\u00f4t\u00e9s, coupe l\u00e9g\u00e8rement trap\u00e8ze.<\/p>\n<p>100% coton l\u00e9ger, parfait pour les beaux jours.<\/p>\n<p>Longueur : 86 cm<\/p>\n<p>La mod\u00e8le mesure 1m73 et porte une taille 36.<\/p>\n","protected":false},"excerpt":{"rendered":"<p>Jupe mi-longue l\u00e9g\u00e8rement \u00e9vas\u00e9e en denim brut l\u00e9ger avec d\u00e9coupes. Coutures finitions camel, taille mi-haute, poches devant et dos, fermeture \u00e9clair sur&hellip;<\/p>\n","protected":false},"featured_media":381810,"template":"","meta":[],"product_brand":[],"product_cat":[672,668,661],"product_tag":[],"class_list":{"0":"post-381844","1":"product","2":"type-product","3":"status-publish","4":"has-post-thumbnail","6":"product_cat-jupes","7":"product_cat-capsule","8":"product_cat-tout-voir","10":"first","11":"instock","12":"taxable","13":"shipping-taxable","14":"purchasable","15":"product-type-variable"},"_links":{"self":[{"href":"https:\/\/maisoncleo.com\/fr\/wp-json\/wp\/v2\/product\/381844","targetHints":{"allow":["GET"]}}],"collection":[{"href":"https:\/\/maisoncleo.com\/fr\/wp-json\/wp\/v2\/product"}],"about":[{"href":"https:\/\/maisoncleo.com\/fr\/wp-json\/wp\/v2\/types\/product"}],"version-history":[{"count":4,"href":"https:\/\/maisoncleo.com\/fr\/wp-json\/wp\/v2\/product\/381844\/revisions"}],"predecessor-version":[{"id":384042,"href":"https:\/\/maisoncleo.com\/fr\/wp-json\/wp\/v2\/product\/381844\/revisions\/384042"}],"wp:featuredmedia":[{"embeddable":true,"href":"https:\/\/maisoncleo.com\/fr\/wp-json\/wp\/v2\/media\/381810"}],"wp:attachment":[{"href":"https:\/\/maisoncleo.com\/fr\/wp-json\/wp\/v2\/media?parent=381844"}],"wp:term":[{"taxonomy":"product_brand","embeddable":true,"href":"https:\/\/maisoncleo.com\/fr\/wp-json\/wp\/v2\/product_brand?post=381844"},{"taxonomy":"product_cat","embeddable":true,"href":"https:\/\/maisoncleo.com\/fr\/wp-json\/wp\/v2\/product_cat?post=381844"},{"taxonomy":"product_tag","embeddable":true,"href":"https:\/\/maisoncleo.com\/fr\/wp-json\/wp\/v2\/product_tag?post=381844"}],"curies":[{"name":"wp","href":"https:\/\/api.w.org\/{rel}","templated":true}]}}