{"id":381813,"date":"2025-02-04T13:03:20","date_gmt":"2025-02-05T11:03:21","guid":{"rendered":"https:\/\/maisoncleo.com\/?post_type=product&#038;p=381813"},"modified":"2025-02-05T13:07:08","modified_gmt":"2025-02-05T11:07:08","slug":"ready-to-ship-manteau-denim-et-impermeable-a-gros-pois-blancs-avec-col-en-fausse-fourrure-marron-copy","status":"publish","type":"product","link":"https:\/\/maisoncleo.com\/fr\/shop\/ready-to-ship-manteau-denim-et-impermeable-a-gros-pois-blancs-avec-col-en-fausse-fourrure-marron-copy\/","title":{"rendered":"READY-TO-SHIP &#8211; Manteau denim et imperm\u00e9able \u00e0 gros pois blancs avec col en fausse fourrure marron"},"content":{"rendered":"<p>Manteau denim et imperm\u00e9able \u00e0 gros pois blancs avec col en fausse fourrure marron.<\/p>\n<p>Coupe oversize droite. Fermeture avec des gros boutons marrons sur le devant. Poches c\u00f4t\u00e9s.<\/p>\n<p>La mod\u00e8le mesure 1m73 et porte une taille S-36.<\/p>\n","protected":false},"excerpt":{"rendered":"<p>Manteau denim et imperm\u00e9able \u00e0 gros pois blancs avec col en fausse fourrure marron. Coupe oversize droite. Fermeture avec des gros boutons&hellip;<\/p>\n","protected":false},"featured_media":353999,"template":"","meta":[],"product_brand":[],"product_cat":[913],"product_tag":[],"class_list":{"0":"post-381813","1":"product","2":"type-product","3":"status-publish","4":"has-post-thumbnail","6":"product_cat-ready-to-ship","8":"first","9":"outofstock","10":"taxable","11":"shipping-taxable","12":"purchasable","13":"product-type-variable"},"_links":{"self":[{"href":"https:\/\/maisoncleo.com\/fr\/wp-json\/wp\/v2\/product\/381813","targetHints":{"allow":["GET"]}}],"collection":[{"href":"https:\/\/maisoncleo.com\/fr\/wp-json\/wp\/v2\/product"}],"about":[{"href":"https:\/\/maisoncleo.com\/fr\/wp-json\/wp\/v2\/types\/product"}],"version-history":[{"count":2,"href":"https:\/\/maisoncleo.com\/fr\/wp-json\/wp\/v2\/product\/381813\/revisions"}],"predecessor-version":[{"id":381826,"href":"https:\/\/maisoncleo.com\/fr\/wp-json\/wp\/v2\/product\/381813\/revisions\/381826"}],"wp:featuredmedia":[{"embeddable":true,"href":"https:\/\/maisoncleo.com\/fr\/wp-json\/wp\/v2\/media\/353999"}],"wp:attachment":[{"href":"https:\/\/maisoncleo.com\/fr\/wp-json\/wp\/v2\/media?parent=381813"}],"wp:term":[{"taxonomy":"product_brand","embeddable":true,"href":"https:\/\/maisoncleo.com\/fr\/wp-json\/wp\/v2\/product_brand?post=381813"},{"taxonomy":"product_cat","embeddable":true,"href":"https:\/\/maisoncleo.com\/fr\/wp-json\/wp\/v2\/product_cat?post=381813"},{"taxonomy":"product_tag","embeddable":true,"href":"https:\/\/maisoncleo.com\/fr\/wp-json\/wp\/v2\/product_tag?post=381813"}],"curies":[{"name":"wp","href":"https:\/\/api.w.org\/{rel}","templated":true}]}}