{"id":381788,"date":"2025-02-05T10:00:10","date_gmt":"2025-02-05T11:00:11","guid":{"rendered":"https:\/\/maisoncleo.com\/?post_type=product&#038;p=381788"},"modified":"2025-02-05T13:09:41","modified_gmt":"2025-02-05T11:09:41","slug":"veste-oversize-en-denim-brut-roxanne-copy","status":"publish","type":"product","link":"https:\/\/maisoncleo.com\/fr\/shop\/veste-oversize-en-denim-brut-roxanne-copy\/","title":{"rendered":"Veste en denim brut l\u00e9ger Sophie avec poches"},"content":{"rendered":"<p>Veste en denim brut fin Sophie avec poches. Manches longues, ajust\u00e9e, deux poches boutonn\u00e9es dans le bas, poche sur la poitrine, col pointu, boutons argent\u00e9s de jean, finitions coutures camel. Tissu en denim brut fonc\u00e9 l\u00e9ger pour l&rsquo;\u00e9t\u00e9. 100% coton.<\/p>\n<p>Longueur : 54 cm.<\/p>\n<p><span style=\"font-weight: 400;\">La mod\u00e8le mesure 1,73 m et porte une taille 36. <\/span><\/p>\n","protected":false},"excerpt":{"rendered":"<p>Veste en denim brut fin Sophie avec poches. Manches longues, ajust\u00e9e, deux poches boutonn\u00e9es dans le bas, poche sur la poitrine, col&hellip;<\/p>\n","protected":false},"featured_media":381802,"template":"","meta":[],"product_brand":[],"product_cat":[668,661,665],"product_tag":[],"class_list":{"0":"post-381788","1":"product","2":"type-product","3":"status-publish","4":"has-post-thumbnail","6":"product_cat-capsule","7":"product_cat-tout-voir","8":"product_cat-vestes-manteaux","10":"first","11":"instock","12":"taxable","13":"shipping-taxable","14":"purchasable","15":"product-type-variable"},"_links":{"self":[{"href":"https:\/\/maisoncleo.com\/fr\/wp-json\/wp\/v2\/product\/381788","targetHints":{"allow":["GET"]}}],"collection":[{"href":"https:\/\/maisoncleo.com\/fr\/wp-json\/wp\/v2\/product"}],"about":[{"href":"https:\/\/maisoncleo.com\/fr\/wp-json\/wp\/v2\/types\/product"}],"version-history":[{"count":3,"href":"https:\/\/maisoncleo.com\/fr\/wp-json\/wp\/v2\/product\/381788\/revisions"}],"predecessor-version":[{"id":381828,"href":"https:\/\/maisoncleo.com\/fr\/wp-json\/wp\/v2\/product\/381788\/revisions\/381828"}],"wp:featuredmedia":[{"embeddable":true,"href":"https:\/\/maisoncleo.com\/fr\/wp-json\/wp\/v2\/media\/381802"}],"wp:attachment":[{"href":"https:\/\/maisoncleo.com\/fr\/wp-json\/wp\/v2\/media?parent=381788"}],"wp:term":[{"taxonomy":"product_brand","embeddable":true,"href":"https:\/\/maisoncleo.com\/fr\/wp-json\/wp\/v2\/product_brand?post=381788"},{"taxonomy":"product_cat","embeddable":true,"href":"https:\/\/maisoncleo.com\/fr\/wp-json\/wp\/v2\/product_cat?post=381788"},{"taxonomy":"product_tag","embeddable":true,"href":"https:\/\/maisoncleo.com\/fr\/wp-json\/wp\/v2\/product_tag?post=381788"}],"curies":[{"name":"wp","href":"https:\/\/api.w.org\/{rel}","templated":true}]}}