{"id":381698,"date":"2025-02-05T10:10:55","date_gmt":"2025-02-05T10:43:56","guid":{"rendered":"https:\/\/maisoncleo.com\/?post_type=product&#038;p=381698"},"modified":"2025-02-10T00:01:35","modified_gmt":"2025-02-09T22:01:35","slug":"robe-marie-evasee-en-coton-blanc-boutonnee-avec-col-claudine-copy","status":"publish","type":"product","link":"https:\/\/maisoncleo.com\/fr\/shop\/robe-marie-evasee-en-coton-blanc-boutonnee-avec-col-claudine-copy\/","title":{"rendered":"Robe CORA babydoll oversize en coton blanc et dentelle volant\u00e9e"},"content":{"rendered":"<p>Robe babydoll oversize en coton blanc et parties en dentelle volant\u00e9e.<\/p>\n<p>Sans manches, d\u00e9collet\u00e9 arrondie, coupe babydoll oversize, d\u00e9tails de dentelles, deux parties fronc\u00e9es dans le bas. 100% coton.<\/p>\n<p>Longueur : 80 cm. Comme nous fabriquons \u00e0 la commande, il est possible de demander la longueur que vous souhaitez.<\/p>\n<p>La mod\u00e8le mesure 1m73 et porte une taille S\/36. La deuxi\u00e8me mod\u00e8le des derni\u00e8res photos mesure 1m80.<\/p>\n","protected":false},"excerpt":{"rendered":"<p>Robe babydoll oversize en coton blanc et parties en dentelle volant\u00e9e. Sans manches, d\u00e9collet\u00e9 arrondie, coupe babydoll oversize, d\u00e9tails de dentelles, deux&hellip;<\/p>\n","protected":false},"featured_media":381740,"template":"","meta":[],"product_brand":[],"product_cat":[958,668,664,661],"product_tag":[],"class_list":{"0":"post-381698","1":"product","2":"type-product","3":"status-publish","4":"has-post-thumbnail","6":"product_cat-mariage-selection","7":"product_cat-capsule","8":"product_cat-robes","9":"product_cat-tout-voir","11":"first","12":"instock","13":"taxable","14":"shipping-taxable","15":"purchasable","16":"product-type-variable"},"_links":{"self":[{"href":"https:\/\/maisoncleo.com\/fr\/wp-json\/wp\/v2\/product\/381698","targetHints":{"allow":["GET"]}}],"collection":[{"href":"https:\/\/maisoncleo.com\/fr\/wp-json\/wp\/v2\/product"}],"about":[{"href":"https:\/\/maisoncleo.com\/fr\/wp-json\/wp\/v2\/types\/product"}],"version-history":[{"count":2,"href":"https:\/\/maisoncleo.com\/fr\/wp-json\/wp\/v2\/product\/381698\/revisions"}],"predecessor-version":[{"id":381779,"href":"https:\/\/maisoncleo.com\/fr\/wp-json\/wp\/v2\/product\/381698\/revisions\/381779"}],"wp:featuredmedia":[{"embeddable":true,"href":"https:\/\/maisoncleo.com\/fr\/wp-json\/wp\/v2\/media\/381740"}],"wp:attachment":[{"href":"https:\/\/maisoncleo.com\/fr\/wp-json\/wp\/v2\/media?parent=381698"}],"wp:term":[{"taxonomy":"product_brand","embeddable":true,"href":"https:\/\/maisoncleo.com\/fr\/wp-json\/wp\/v2\/product_brand?post=381698"},{"taxonomy":"product_cat","embeddable":true,"href":"https:\/\/maisoncleo.com\/fr\/wp-json\/wp\/v2\/product_cat?post=381698"},{"taxonomy":"product_tag","embeddable":true,"href":"https:\/\/maisoncleo.com\/fr\/wp-json\/wp\/v2\/product_tag?post=381698"}],"curies":[{"name":"wp","href":"https:\/\/api.w.org\/{rel}","templated":true}]}}