{"id":381420,"date":"2025-02-05T10:27:47","date_gmt":"2025-02-05T09:14:48","guid":{"rendered":"https:\/\/maisoncleo.com\/?post_type=product&#038;p=381420"},"modified":"2025-05-16T10:14:58","modified_gmt":"2025-05-16T08:14:58","slug":"robe-mimosa-en-crochet-beige-a-fleurs-evasee-copy","status":"publish","type":"product","link":"https:\/\/maisoncleo.com\/fr\/shop\/robe-mimosa-en-crochet-beige-a-fleurs-evasee-copy\/","title":{"rendered":"Robe MARIE \u00e9vas\u00e9e en coton blanc boutonn\u00e9e avec col claudine"},"content":{"rendered":"<p>Robe \u00e9vas\u00e9e en coton blanc boutonn\u00e9e avec col claudine.<\/p>\n<p>Manches courtes, enti\u00e8rement boutonn\u00e9e sur le devant, coupe l\u00e9g\u00e8rement \u00e9vas\u00e9e dans le bas, col claudine rond.<\/p>\n<p>100% coton.<\/p>\n<p>Longueur : 82 cm. Comme nous fabriquons \u00e0 la commande, il est possible de demander la longueur que vous souhaitez.<\/p>\n<p>La mod\u00e8le mesure 1m73 et porte une taille S\/36.<\/p>\n","protected":false},"excerpt":{"rendered":"<p>Robe \u00e9vas\u00e9e en coton blanc boutonn\u00e9e avec col claudine. Manches courtes, enti\u00e8rement boutonn\u00e9e sur le devant, coupe l\u00e9g\u00e8rement \u00e9vas\u00e9e dans le bas,&hellip;<\/p>\n","protected":false},"featured_media":381666,"template":"","meta":[],"product_brand":[],"product_cat":[668,664,661],"product_tag":[],"class_list":{"0":"post-381420","1":"product","2":"type-product","3":"status-publish","4":"has-post-thumbnail","6":"product_cat-capsule","7":"product_cat-robes","8":"product_cat-tout-voir","10":"first","11":"instock","12":"taxable","13":"shipping-taxable","14":"purchasable","15":"product-type-variable"},"_links":{"self":[{"href":"https:\/\/maisoncleo.com\/fr\/wp-json\/wp\/v2\/product\/381420","targetHints":{"allow":["GET"]}}],"collection":[{"href":"https:\/\/maisoncleo.com\/fr\/wp-json\/wp\/v2\/product"}],"about":[{"href":"https:\/\/maisoncleo.com\/fr\/wp-json\/wp\/v2\/types\/product"}],"version-history":[{"count":2,"href":"https:\/\/maisoncleo.com\/fr\/wp-json\/wp\/v2\/product\/381420\/revisions"}],"predecessor-version":[{"id":381621,"href":"https:\/\/maisoncleo.com\/fr\/wp-json\/wp\/v2\/product\/381420\/revisions\/381621"}],"wp:featuredmedia":[{"embeddable":true,"href":"https:\/\/maisoncleo.com\/fr\/wp-json\/wp\/v2\/media\/381666"}],"wp:attachment":[{"href":"https:\/\/maisoncleo.com\/fr\/wp-json\/wp\/v2\/media?parent=381420"}],"wp:term":[{"taxonomy":"product_brand","embeddable":true,"href":"https:\/\/maisoncleo.com\/fr\/wp-json\/wp\/v2\/product_brand?post=381420"},{"taxonomy":"product_cat","embeddable":true,"href":"https:\/\/maisoncleo.com\/fr\/wp-json\/wp\/v2\/product_cat?post=381420"},{"taxonomy":"product_tag","embeddable":true,"href":"https:\/\/maisoncleo.com\/fr\/wp-json\/wp\/v2\/product_tag?post=381420"}],"curies":[{"name":"wp","href":"https:\/\/api.w.org\/{rel}","templated":true}]}}