{"id":381356,"date":"2025-02-05T10:35:06","date_gmt":"2025-02-05T08:35:06","guid":{"rendered":"https:\/\/maisoncleo.com\/?post_type=product&#038;p=381356"},"modified":"2026-04-21T16:07:39","modified_gmt":"2026-04-21T14:07:39","slug":"jupe-margarita-mi-longue-evasee-en-coton-blanc-et-broderie-anglaise-avec-grosses-fleurs-copy","status":"publish","type":"product","link":"https:\/\/maisoncleo.com\/fr\/shop\/jupe-margarita-mi-longue-evasee-en-coton-blanc-et-broderie-anglaise-avec-grosses-fleurs-copy\/","title":{"rendered":"Jupe MARGOTON mi-longue \u00e9vas\u00e9e en coton blanc avec d\u00e9tails froufrous"},"content":{"rendered":"<p>Jupe mi-longue \u00e9vas\u00e9e en coton blanc avec d\u00e9tails froufrous en dentelle sur la taille et dans le bas.<\/p>\n<p>Coupe \u00e9vas\u00e9e. Taille \u00e9lastiqu\u00e9e avec lien \u00e0 nouer. 100% coton.<\/p>\n<p>Longueur totale \u00e0 plat: 70 cm.<\/p>\n<p>La mod\u00e8le mesure 1m73 et porte une taille S\/36.<\/p>\n","protected":false},"excerpt":{"rendered":"<p>Jupe mi-longue \u00e9vas\u00e9e en coton blanc avec d\u00e9tails froufrous en dentelle sur la taille et dans le bas. Coupe \u00e9vas\u00e9e. Taille \u00e9lastiqu\u00e9e&hellip;<\/p>\n","protected":false},"featured_media":381316,"template":"","meta":[],"product_brand":[],"product_cat":[672,958,668,661],"product_tag":[],"class_list":{"0":"post-381356","1":"product","2":"type-product","3":"status-publish","4":"has-post-thumbnail","6":"product_cat-jupes","7":"product_cat-mariage-selection","8":"product_cat-capsule","9":"product_cat-tout-voir","11":"first","12":"instock","13":"taxable","14":"shipping-taxable","15":"purchasable","16":"product-type-variable"},"_links":{"self":[{"href":"https:\/\/maisoncleo.com\/fr\/wp-json\/wp\/v2\/product\/381356","targetHints":{"allow":["GET"]}}],"collection":[{"href":"https:\/\/maisoncleo.com\/fr\/wp-json\/wp\/v2\/product"}],"about":[{"href":"https:\/\/maisoncleo.com\/fr\/wp-json\/wp\/v2\/types\/product"}],"version-history":[{"count":3,"href":"https:\/\/maisoncleo.com\/fr\/wp-json\/wp\/v2\/product\/381356\/revisions"}],"predecessor-version":[{"id":400143,"href":"https:\/\/maisoncleo.com\/fr\/wp-json\/wp\/v2\/product\/381356\/revisions\/400143"}],"wp:featuredmedia":[{"embeddable":true,"href":"https:\/\/maisoncleo.com\/fr\/wp-json\/wp\/v2\/media\/381316"}],"wp:attachment":[{"href":"https:\/\/maisoncleo.com\/fr\/wp-json\/wp\/v2\/media?parent=381356"}],"wp:term":[{"taxonomy":"product_brand","embeddable":true,"href":"https:\/\/maisoncleo.com\/fr\/wp-json\/wp\/v2\/product_brand?post=381356"},{"taxonomy":"product_cat","embeddable":true,"href":"https:\/\/maisoncleo.com\/fr\/wp-json\/wp\/v2\/product_cat?post=381356"},{"taxonomy":"product_tag","embeddable":true,"href":"https:\/\/maisoncleo.com\/fr\/wp-json\/wp\/v2\/product_tag?post=381356"}],"curies":[{"name":"wp","href":"https:\/\/api.w.org\/{rel}","templated":true}]}}