{"id":381288,"date":"2025-02-05T10:41:45","date_gmt":"2025-02-05T08:41:46","guid":{"rendered":"https:\/\/maisoncleo.com\/?post_type=product&#038;p=381288"},"modified":"2026-03-01T20:24:10","modified_gmt":"2026-03-01T18:24:10","slug":"blouse-coton-blanc-et-dentelle-volantee-agnes-copy","status":"publish","type":"product","link":"https:\/\/maisoncleo.com\/fr\/shop\/blouse-coton-blanc-et-dentelle-volantee-agnes-copy\/","title":{"rendered":"Blouse coton blanc dentelle froufrous AGNES"},"content":{"rendered":"<p>Notre blouse Agn\u00e8s avec une touche de dentelle froufrous.<\/p>\n<p>Deux liens \u00e0 nouer sur le devant. Manches bouffantes. 100% coton. D\u00e9tails de froufrous en dentelle volant\u00e9es sur le corps et les manches.<\/p>\n<p>Fabriqu\u00e9e \u00e0 la main dans notre atelier du Nord de la France.<\/p>\n<p>La mod\u00e8le mesure 1m73 et porte une taille S-36.<\/p>\n","protected":false},"excerpt":{"rendered":"<p>Notre blouse Agn\u00e8s avec une touche de dentelle froufrous. Deux liens \u00e0 nouer sur le devant. Manches bouffantes. 100% coton. D\u00e9tails de&hellip;<\/p>\n","protected":false},"featured_media":381308,"template":"","meta":[],"product_brand":[],"product_cat":[662,663,958,668,661],"product_tag":[],"class_list":{"0":"post-381288","1":"product","2":"type-product","3":"status-publish","4":"has-post-thumbnail","6":"product_cat-basiques","7":"product_cat-blouses","8":"product_cat-mariage-selection","9":"product_cat-capsule","10":"product_cat-tout-voir","12":"first","13":"instock","14":"taxable","15":"shipping-taxable","16":"purchasable","17":"product-type-variable"},"_links":{"self":[{"href":"https:\/\/maisoncleo.com\/fr\/wp-json\/wp\/v2\/product\/381288","targetHints":{"allow":["GET"]}}],"collection":[{"href":"https:\/\/maisoncleo.com\/fr\/wp-json\/wp\/v2\/product"}],"about":[{"href":"https:\/\/maisoncleo.com\/fr\/wp-json\/wp\/v2\/types\/product"}],"version-history":[{"count":2,"href":"https:\/\/maisoncleo.com\/fr\/wp-json\/wp\/v2\/product\/381288\/revisions"}],"predecessor-version":[{"id":381343,"href":"https:\/\/maisoncleo.com\/fr\/wp-json\/wp\/v2\/product\/381288\/revisions\/381343"}],"wp:featuredmedia":[{"embeddable":true,"href":"https:\/\/maisoncleo.com\/fr\/wp-json\/wp\/v2\/media\/381308"}],"wp:attachment":[{"href":"https:\/\/maisoncleo.com\/fr\/wp-json\/wp\/v2\/media?parent=381288"}],"wp:term":[{"taxonomy":"product_brand","embeddable":true,"href":"https:\/\/maisoncleo.com\/fr\/wp-json\/wp\/v2\/product_brand?post=381288"},{"taxonomy":"product_cat","embeddable":true,"href":"https:\/\/maisoncleo.com\/fr\/wp-json\/wp\/v2\/product_cat?post=381288"},{"taxonomy":"product_tag","embeddable":true,"href":"https:\/\/maisoncleo.com\/fr\/wp-json\/wp\/v2\/product_tag?post=381288"}],"curies":[{"name":"wp","href":"https:\/\/api.w.org\/{rel}","templated":true}]}}