{"id":381238,"date":"2025-08-17T20:10:19","date_gmt":"2025-08-17T18:10:19","guid":{"rendered":"https:\/\/maisoncleo.com\/?post_type=product&#038;p=381238"},"modified":"2025-11-17T17:32:33","modified_gmt":"2025-11-17T15:32:33","slug":"pantalon-large-en-leopard-janis-copy","status":"publish","type":"product","link":"https:\/\/maisoncleo.com\/fr\/shop\/pantalon-large-en-leopard-janis-copy\/","title":{"rendered":"READY-TO- SHIP &#8211; Pantalon large en l\u00e9opard JANIS"},"content":{"rendered":"<p><span style=\"font-weight: 400;\">Pantalon large l\u00e9opard en coton \u00e9pais, large bande sur la taille, coupe droite et large, fermeture \u00e9clair sur le c\u00f4t\u00e9, coutures camel.<\/span><\/p>\n<p><span style=\"font-weight: 400;\">100% coton \u00e9pais.<\/span><\/p>\n<p><span style=\"font-weight: 400;\">Longueur : 110,5 cm.<\/span><\/p>\n<p><span style=\"font-weight: 400;\">La mod\u00e8le mesure 1,72 m.<\/span><\/p>\n","protected":false},"excerpt":{"rendered":"<p>Pantalon large l\u00e9opard en coton \u00e9pais, large bande sur la taille, coupe droite et large, fermeture \u00e9clair sur le c\u00f4t\u00e9, coutures camel.&hellip;<\/p>\n","protected":false},"featured_media":371507,"template":"","meta":[],"product_brand":[],"product_cat":[913],"product_tag":[],"class_list":{"0":"post-381238","1":"product","2":"type-product","3":"status-publish","4":"has-post-thumbnail","6":"product_cat-ready-to-ship","8":"first","9":"outofstock","10":"taxable","11":"shipping-taxable","12":"purchasable","13":"product-type-variable"},"_links":{"self":[{"href":"https:\/\/maisoncleo.com\/fr\/wp-json\/wp\/v2\/product\/381238","targetHints":{"allow":["GET"]}}],"collection":[{"href":"https:\/\/maisoncleo.com\/fr\/wp-json\/wp\/v2\/product"}],"about":[{"href":"https:\/\/maisoncleo.com\/fr\/wp-json\/wp\/v2\/types\/product"}],"version-history":[{"count":2,"href":"https:\/\/maisoncleo.com\/fr\/wp-json\/wp\/v2\/product\/381238\/revisions"}],"predecessor-version":[{"id":381248,"href":"https:\/\/maisoncleo.com\/fr\/wp-json\/wp\/v2\/product\/381238\/revisions\/381248"}],"wp:featuredmedia":[{"embeddable":true,"href":"https:\/\/maisoncleo.com\/fr\/wp-json\/wp\/v2\/media\/371507"}],"wp:attachment":[{"href":"https:\/\/maisoncleo.com\/fr\/wp-json\/wp\/v2\/media?parent=381238"}],"wp:term":[{"taxonomy":"product_brand","embeddable":true,"href":"https:\/\/maisoncleo.com\/fr\/wp-json\/wp\/v2\/product_brand?post=381238"},{"taxonomy":"product_cat","embeddable":true,"href":"https:\/\/maisoncleo.com\/fr\/wp-json\/wp\/v2\/product_cat?post=381238"},{"taxonomy":"product_tag","embeddable":true,"href":"https:\/\/maisoncleo.com\/fr\/wp-json\/wp\/v2\/product_tag?post=381238"}],"curies":[{"name":"wp","href":"https:\/\/api.w.org\/{rel}","templated":true}]}}