{"id":381039,"date":"2025-02-04T18:36:10","date_gmt":"2025-02-04T16:36:10","guid":{"rendered":"https:\/\/maisoncleo.com\/?post_type=product&#038;p=381039"},"modified":"2025-02-04T18:42:27","modified_gmt":"2025-02-04T16:42:27","slug":"mini-jupe-taille-haute-en-soie-duchesse-rose-teila-capsule-lamour-copy-2","status":"publish","type":"product","link":"https:\/\/maisoncleo.com\/fr\/shop\/mini-jupe-taille-haute-en-soie-duchesse-rose-teila-capsule-lamour-copy-2\/","title":{"rendered":"READY-TO-SHIP &#8211; Mini jupe taille haute en soie duchesse rose TEILA &#8211; Capsule L&rsquo;AMOUR"},"content":{"rendered":"<p>Mini jupe en soie duchesse rose, \u00e9pais et opaque. Tissu provenant d&rsquo;un tissu de Haute-Couture.<br \/>\nCoupe trap\u00e8ze, taille haute. Fermeture \u00e9clair dans le dos.<\/p>\n<p>Longueur : 34 cm.<\/p>\n<p>La mod\u00e8le mesure 1m68 et porte une taille S-36.<\/p>\n","protected":false},"excerpt":{"rendered":"<p>Mini jupe en soie duchesse rose, \u00e9pais et opaque. Tissu provenant d&rsquo;un tissu de Haute-Couture. Coupe trap\u00e8ze, taille haute. Fermeture \u00e9clair dans&hellip;<\/p>\n","protected":false},"featured_media":354760,"template":"","meta":[],"product_brand":[],"product_cat":[913],"product_tag":[],"class_list":{"0":"post-381039","1":"product","2":"type-product","3":"status-publish","4":"has-post-thumbnail","6":"product_cat-ready-to-ship","8":"first","9":"instock","10":"taxable","11":"shipping-taxable","12":"purchasable","13":"product-type-variable"},"_links":{"self":[{"href":"https:\/\/maisoncleo.com\/fr\/wp-json\/wp\/v2\/product\/381039","targetHints":{"allow":["GET"]}}],"collection":[{"href":"https:\/\/maisoncleo.com\/fr\/wp-json\/wp\/v2\/product"}],"about":[{"href":"https:\/\/maisoncleo.com\/fr\/wp-json\/wp\/v2\/types\/product"}],"version-history":[{"count":2,"href":"https:\/\/maisoncleo.com\/fr\/wp-json\/wp\/v2\/product\/381039\/revisions"}],"predecessor-version":[{"id":381049,"href":"https:\/\/maisoncleo.com\/fr\/wp-json\/wp\/v2\/product\/381039\/revisions\/381049"}],"wp:featuredmedia":[{"embeddable":true,"href":"https:\/\/maisoncleo.com\/fr\/wp-json\/wp\/v2\/media\/354760"}],"wp:attachment":[{"href":"https:\/\/maisoncleo.com\/fr\/wp-json\/wp\/v2\/media?parent=381039"}],"wp:term":[{"taxonomy":"product_brand","embeddable":true,"href":"https:\/\/maisoncleo.com\/fr\/wp-json\/wp\/v2\/product_brand?post=381039"},{"taxonomy":"product_cat","embeddable":true,"href":"https:\/\/maisoncleo.com\/fr\/wp-json\/wp\/v2\/product_cat?post=381039"},{"taxonomy":"product_tag","embeddable":true,"href":"https:\/\/maisoncleo.com\/fr\/wp-json\/wp\/v2\/product_tag?post=381039"}],"curies":[{"name":"wp","href":"https:\/\/api.w.org\/{rel}","templated":true}]}}