{"id":380731,"date":"2025-01-28T15:57:18","date_gmt":"2025-01-28T13:57:19","guid":{"rendered":"https:\/\/maisoncleo.com\/?post_type=product&#038;p=380731"},"modified":"2025-02-01T19:07:54","modified_gmt":"2025-02-01T17:07:54","slug":"la-badoule-robe-mimosa-en-crochet-blanc-a-fleurs-evasee-copy","status":"publish","type":"product","link":"https:\/\/maisoncleo.com\/fr\/shop\/la-badoule-robe-mimosa-en-crochet-blanc-a-fleurs-evasee-copy\/","title":{"rendered":"Robe MIMOSA en crochet beige \u00e0 fleurs \u00e9vas\u00e9e"},"content":{"rendered":"<p>Robe en crochet beige \u00e0 fleurs \u00e9vas\u00e9e. La robe Jane Birkin!<\/p>\n<p>Manches 3\/4, coupe \u00e9vas\u00e9e, d\u00e9collet\u00e9 profond.<\/p>\n<p>100% coton.<\/p>\n<p>Longueur : 85 cm. Comme nous fabriquons \u00e0 la commande, il est possible de demander la longueur que vous souhaitez.<\/p>\n<p>La mod\u00e8le porte notre ancienne version en blanc, elle mesure 1m74 et porte une taille S\/36.<\/p>\n","protected":false},"excerpt":{"rendered":"<p>Robe en crochet beige \u00e0 fleurs \u00e9vas\u00e9e. La robe Jane Birkin! Manches 3\/4, coupe \u00e9vas\u00e9e, d\u00e9collet\u00e9 profond. 100% coton. Longueur : 85&hellip;<\/p>\n","protected":false},"featured_media":380753,"template":"","meta":[],"product_brand":[],"product_cat":[668,664,661],"product_tag":[],"class_list":{"0":"post-380731","1":"product","2":"type-product","3":"status-publish","4":"has-post-thumbnail","6":"product_cat-capsule","7":"product_cat-robes","8":"product_cat-tout-voir","10":"first","11":"outofstock","12":"taxable","13":"shipping-taxable","14":"purchasable","15":"product-type-variable"},"_links":{"self":[{"href":"https:\/\/maisoncleo.com\/fr\/wp-json\/wp\/v2\/product\/380731","targetHints":{"allow":["GET"]}}],"collection":[{"href":"https:\/\/maisoncleo.com\/fr\/wp-json\/wp\/v2\/product"}],"about":[{"href":"https:\/\/maisoncleo.com\/fr\/wp-json\/wp\/v2\/types\/product"}],"version-history":[{"count":2,"href":"https:\/\/maisoncleo.com\/fr\/wp-json\/wp\/v2\/product\/380731\/revisions"}],"predecessor-version":[{"id":380762,"href":"https:\/\/maisoncleo.com\/fr\/wp-json\/wp\/v2\/product\/380731\/revisions\/380762"}],"wp:featuredmedia":[{"embeddable":true,"href":"https:\/\/maisoncleo.com\/fr\/wp-json\/wp\/v2\/media\/380753"}],"wp:attachment":[{"href":"https:\/\/maisoncleo.com\/fr\/wp-json\/wp\/v2\/media?parent=380731"}],"wp:term":[{"taxonomy":"product_brand","embeddable":true,"href":"https:\/\/maisoncleo.com\/fr\/wp-json\/wp\/v2\/product_brand?post=380731"},{"taxonomy":"product_cat","embeddable":true,"href":"https:\/\/maisoncleo.com\/fr\/wp-json\/wp\/v2\/product_cat?post=380731"},{"taxonomy":"product_tag","embeddable":true,"href":"https:\/\/maisoncleo.com\/fr\/wp-json\/wp\/v2\/product_tag?post=380731"}],"curies":[{"name":"wp","href":"https:\/\/api.w.org\/{rel}","templated":true}]}}