{"id":380611,"date":"2025-01-19T19:03:38","date_gmt":"2025-01-19T17:03:38","guid":{"rendered":"https:\/\/maisoncleo.com\/?post_type=product&#038;p=380611"},"modified":"2026-03-31T20:51:33","modified_gmt":"2026-03-31T18:51:33","slug":"robe-longue-romantique-morane-en-soie-imprime-petites-marguerites-copy","status":"publish","type":"product","link":"https:\/\/maisoncleo.com\/fr\/shop\/robe-longue-romantique-morane-en-soie-imprime-petites-marguerites-copy\/","title":{"rendered":"Robe longue romantique MORANE en soie imprim\u00e9 petites marguerites"},"content":{"rendered":"<p>A LIRE AVANT DE COMMANDER : Le tissu fleuri des photos est maintenant \u00e9puis\u00e9. A partir de maintenant, les commandes de cette robe seront faites dans un des deux tissus de remplacement que nous utilisons visibles sur la derni\u00e8re photo, tissus que nous utilisons pour faire nos autres robes de mari\u00e9es. Choix de remplacement 1 : Tissu en soie blanc cass\u00e9 textur\u00e9. Choix 2 : Tissu en soie opaque uni blanc cass\u00e9. Faites-nous part de votre choix dans l&rsquo;espace commentaires au niveau du paiement \ud83d\ude42<\/p>\n<p>Manches courtes bouffantes \u00e9lastiques, d\u00e9collet\u00e9 montant se fermant avec un lien dans le haut du cou, d\u00e9coupe au niveau de la poitrine. Coupe ajust\u00e9e et fluide dans le bas avec une finition traditionnelle en point bourdon. Fermeture \u00e9clair invisible sur le c\u00f4t\u00e9.<\/p>\n<p>La mod\u00e8le mesure 1m74 et porte une taille S-36.<\/p>\n<p>Soie fabriqu\u00e9e en France.<\/p>\n","protected":false},"excerpt":{"rendered":"<p>A LIRE AVANT DE COMMANDER : Le tissu fleuri des photos est maintenant \u00e9puis\u00e9. A partir de maintenant, les commandes de cette&hellip;<\/p>\n","protected":false},"featured_media":380648,"template":"","meta":[],"product_brand":[],"product_cat":[958,668,664,661],"product_tag":[],"class_list":{"0":"post-380611","1":"product","2":"type-product","3":"status-publish","4":"has-post-thumbnail","6":"product_cat-mariage-selection","7":"product_cat-capsule","8":"product_cat-robes","9":"product_cat-tout-voir","11":"first","12":"instock","13":"taxable","14":"shipping-taxable","15":"purchasable","16":"product-type-variable"},"_links":{"self":[{"href":"https:\/\/maisoncleo.com\/fr\/wp-json\/wp\/v2\/product\/380611","targetHints":{"allow":["GET"]}}],"collection":[{"href":"https:\/\/maisoncleo.com\/fr\/wp-json\/wp\/v2\/product"}],"about":[{"href":"https:\/\/maisoncleo.com\/fr\/wp-json\/wp\/v2\/types\/product"}],"version-history":[{"count":3,"href":"https:\/\/maisoncleo.com\/fr\/wp-json\/wp\/v2\/product\/380611\/revisions"}],"predecessor-version":[{"id":389930,"href":"https:\/\/maisoncleo.com\/fr\/wp-json\/wp\/v2\/product\/380611\/revisions\/389930"}],"wp:featuredmedia":[{"embeddable":true,"href":"https:\/\/maisoncleo.com\/fr\/wp-json\/wp\/v2\/media\/380648"}],"wp:attachment":[{"href":"https:\/\/maisoncleo.com\/fr\/wp-json\/wp\/v2\/media?parent=380611"}],"wp:term":[{"taxonomy":"product_brand","embeddable":true,"href":"https:\/\/maisoncleo.com\/fr\/wp-json\/wp\/v2\/product_brand?post=380611"},{"taxonomy":"product_cat","embeddable":true,"href":"https:\/\/maisoncleo.com\/fr\/wp-json\/wp\/v2\/product_cat?post=380611"},{"taxonomy":"product_tag","embeddable":true,"href":"https:\/\/maisoncleo.com\/fr\/wp-json\/wp\/v2\/product_tag?post=380611"}],"curies":[{"name":"wp","href":"https:\/\/api.w.org\/{rel}","templated":true}]}}