{"id":380374,"date":"2025-01-05T13:28:00","date_gmt":"2025-01-08T11:28:01","guid":{"rendered":"https:\/\/maisoncleo.com\/?post_type=product&#038;p=380374"},"modified":"2025-01-08T13:30:47","modified_gmt":"2025-01-08T11:30:47","slug":"blouse-en-organza-de-soie-marron-agnes-copy","status":"publish","type":"product","link":"https:\/\/maisoncleo.com\/fr\/shop\/blouse-en-organza-de-soie-marron-agnes-copy\/","title":{"rendered":"READY-TO-SHIP &#8211; Blouse en organza de soie marron AGNES"},"content":{"rendered":"<p>Notre blouse Agn\u00e8s faite dans un tissu en organza de soie marron, tissu l\u00e9g\u00e8rement textur\u00e9 et ray\u00e9, deux liens \u00e0 nouer sur le devant et des manches bouffantes. 100% soie.<\/p>\n<p>La mod\u00e8le mesure 1m76 et porte une taille 38.<\/p>\n","protected":false},"excerpt":{"rendered":"<p>Notre blouse Agn\u00e8s faite dans un tissu en organza de soie marron, tissu l\u00e9g\u00e8rement textur\u00e9 et ray\u00e9, deux liens \u00e0 nouer sur&hellip;<\/p>\n","protected":false},"featured_media":344169,"template":"","meta":[],"product_brand":[],"product_cat":[913],"product_tag":[],"class_list":{"0":"post-380374","1":"product","2":"type-product","3":"status-publish","4":"has-post-thumbnail","6":"product_cat-ready-to-ship","8":"first","9":"instock","10":"taxable","11":"shipping-taxable","12":"purchasable","13":"product-type-variable"},"_links":{"self":[{"href":"https:\/\/maisoncleo.com\/fr\/wp-json\/wp\/v2\/product\/380374","targetHints":{"allow":["GET"]}}],"collection":[{"href":"https:\/\/maisoncleo.com\/fr\/wp-json\/wp\/v2\/product"}],"about":[{"href":"https:\/\/maisoncleo.com\/fr\/wp-json\/wp\/v2\/types\/product"}],"version-history":[{"count":2,"href":"https:\/\/maisoncleo.com\/fr\/wp-json\/wp\/v2\/product\/380374\/revisions"}],"predecessor-version":[{"id":380384,"href":"https:\/\/maisoncleo.com\/fr\/wp-json\/wp\/v2\/product\/380374\/revisions\/380384"}],"wp:featuredmedia":[{"embeddable":true,"href":"https:\/\/maisoncleo.com\/fr\/wp-json\/wp\/v2\/media\/344169"}],"wp:attachment":[{"href":"https:\/\/maisoncleo.com\/fr\/wp-json\/wp\/v2\/media?parent=380374"}],"wp:term":[{"taxonomy":"product_brand","embeddable":true,"href":"https:\/\/maisoncleo.com\/fr\/wp-json\/wp\/v2\/product_brand?post=380374"},{"taxonomy":"product_cat","embeddable":true,"href":"https:\/\/maisoncleo.com\/fr\/wp-json\/wp\/v2\/product_cat?post=380374"},{"taxonomy":"product_tag","embeddable":true,"href":"https:\/\/maisoncleo.com\/fr\/wp-json\/wp\/v2\/product_tag?post=380374"}],"curies":[{"name":"wp","href":"https:\/\/api.w.org\/{rel}","templated":true}]}}