{"id":380092,"date":"2025-01-01T18:24:43","date_gmt":"2025-01-01T16:24:44","guid":{"rendered":"https:\/\/maisoncleo.com\/?post_type=product&#038;p=380092"},"modified":"2025-01-01T18:28:40","modified_gmt":"2025-01-01T16:28:40","slug":"jupe-ecrue-a-surpiqures-audrey-iii-copy","status":"publish","type":"product","link":"https:\/\/maisoncleo.com\/fr\/shop\/jupe-ecrue-a-surpiqures-audrey-iii-copy\/","title":{"rendered":"READY-TO-SHIP &#8211; Jupe \u00e9crue \u00e0 surpiqures AUDREY III"},"content":{"rendered":"<p>Mini jupe 100% coton \u00e0 surpiqures. Zip sur le c\u00f4t\u00e9.<\/p>\n<p>La mod\u00e8le mesure 1m70.<\/p>\n","protected":false},"excerpt":{"rendered":"<p>Mini jupe 100% coton \u00e0 surpiqures. Zip sur le c\u00f4t\u00e9. La mod\u00e8le mesure 1m70.<\/p>\n","protected":false},"featured_media":338567,"template":"","meta":[],"product_brand":[],"product_cat":[913],"product_tag":[],"class_list":{"0":"post-380092","1":"product","2":"type-product","3":"status-publish","4":"has-post-thumbnail","6":"product_cat-ready-to-ship","8":"first","9":"instock","10":"taxable","11":"shipping-taxable","12":"purchasable","13":"product-type-variable"},"_links":{"self":[{"href":"https:\/\/maisoncleo.com\/fr\/wp-json\/wp\/v2\/product\/380092","targetHints":{"allow":["GET"]}}],"collection":[{"href":"https:\/\/maisoncleo.com\/fr\/wp-json\/wp\/v2\/product"}],"about":[{"href":"https:\/\/maisoncleo.com\/fr\/wp-json\/wp\/v2\/types\/product"}],"version-history":[{"count":2,"href":"https:\/\/maisoncleo.com\/fr\/wp-json\/wp\/v2\/product\/380092\/revisions"}],"predecessor-version":[{"id":380119,"href":"https:\/\/maisoncleo.com\/fr\/wp-json\/wp\/v2\/product\/380092\/revisions\/380119"}],"wp:featuredmedia":[{"embeddable":true,"href":"https:\/\/maisoncleo.com\/fr\/wp-json\/wp\/v2\/media\/338567"}],"wp:attachment":[{"href":"https:\/\/maisoncleo.com\/fr\/wp-json\/wp\/v2\/media?parent=380092"}],"wp:term":[{"taxonomy":"product_brand","embeddable":true,"href":"https:\/\/maisoncleo.com\/fr\/wp-json\/wp\/v2\/product_brand?post=380092"},{"taxonomy":"product_cat","embeddable":true,"href":"https:\/\/maisoncleo.com\/fr\/wp-json\/wp\/v2\/product_cat?post=380092"},{"taxonomy":"product_tag","embeddable":true,"href":"https:\/\/maisoncleo.com\/fr\/wp-json\/wp\/v2\/product_tag?post=380092"}],"curies":[{"name":"wp","href":"https:\/\/api.w.org\/{rel}","templated":true}]}}