{"id":380067,"date":"2025-01-01T18:21:23","date_gmt":"2025-01-01T16:21:23","guid":{"rendered":"https:\/\/maisoncleo.com\/?post_type=product&#038;p=380067"},"modified":"2025-01-01T18:23:31","modified_gmt":"2025-01-01T16:23:31","slug":"jupe-en-jean-bleu-fonce-avec-poche-audrey-ii-copy","status":"publish","type":"product","link":"https:\/\/maisoncleo.com\/fr\/shop\/jupe-en-jean-bleu-fonce-avec-poche-audrey-ii-copy\/","title":{"rendered":"READY-TO-SHIP &#8211; Jupe en jean bleu fonc\u00e9 avec poche AUDREY II"},"content":{"rendered":"<p>La mini jupe avec une poche ext\u00e9rieure ! 100% cotton. Zip sur le c\u00f4t\u00e9. Taille baisse.<\/p>\n<p>La mod\u00e8le mesure 1m70.<\/p>\n","protected":false},"excerpt":{"rendered":"<p>La mini jupe avec une poche ext\u00e9rieure ! 100% cotton. Zip sur le c\u00f4t\u00e9. Taille baisse. La mod\u00e8le mesure 1m70.<\/p>\n","protected":false},"featured_media":338434,"template":"","meta":[],"product_brand":[],"product_cat":[913],"product_tag":[],"class_list":{"0":"post-380067","1":"product","2":"type-product","3":"status-publish","4":"has-post-thumbnail","6":"product_cat-ready-to-ship","8":"first","9":"instock","10":"taxable","11":"shipping-taxable","12":"purchasable","13":"product-type-variable"},"_links":{"self":[{"href":"https:\/\/maisoncleo.com\/fr\/wp-json\/wp\/v2\/product\/380067","targetHints":{"allow":["GET"]}}],"collection":[{"href":"https:\/\/maisoncleo.com\/fr\/wp-json\/wp\/v2\/product"}],"about":[{"href":"https:\/\/maisoncleo.com\/fr\/wp-json\/wp\/v2\/types\/product"}],"version-history":[{"count":2,"href":"https:\/\/maisoncleo.com\/fr\/wp-json\/wp\/v2\/product\/380067\/revisions"}],"predecessor-version":[{"id":380078,"href":"https:\/\/maisoncleo.com\/fr\/wp-json\/wp\/v2\/product\/380067\/revisions\/380078"}],"wp:featuredmedia":[{"embeddable":true,"href":"https:\/\/maisoncleo.com\/fr\/wp-json\/wp\/v2\/media\/338434"}],"wp:attachment":[{"href":"https:\/\/maisoncleo.com\/fr\/wp-json\/wp\/v2\/media?parent=380067"}],"wp:term":[{"taxonomy":"product_brand","embeddable":true,"href":"https:\/\/maisoncleo.com\/fr\/wp-json\/wp\/v2\/product_brand?post=380067"},{"taxonomy":"product_cat","embeddable":true,"href":"https:\/\/maisoncleo.com\/fr\/wp-json\/wp\/v2\/product_cat?post=380067"},{"taxonomy":"product_tag","embeddable":true,"href":"https:\/\/maisoncleo.com\/fr\/wp-json\/wp\/v2\/product_tag?post=380067"}],"curies":[{"name":"wp","href":"https:\/\/api.w.org\/{rel}","templated":true}]}}