{"id":379779,"date":"2025-01-01T15:18:46","date_gmt":"2025-01-01T13:18:47","guid":{"rendered":"https:\/\/maisoncleo.com\/?post_type=product&#038;p=379779"},"modified":"2025-01-01T15:33:23","modified_gmt":"2025-01-01T13:33:23","slug":"robe-mini-dos-nu-en-sequins-leopard-elenor-copy","status":"publish","type":"product","link":"https:\/\/maisoncleo.com\/fr\/shop\/robe-mini-dos-nu-en-sequins-leopard-elenor-copy\/","title":{"rendered":"READY-TO-SHIP &#8211; Robe mini dos nu en sequins l\u00e9opard ELENOR"},"content":{"rendered":"<p><span style=\"font-weight: 400;\">Robe mini dos nu \u00e0 nouer dans le dos en sequins motif l\u00e9opard. Coupe ajust\u00e9e.<\/span><\/p>\n<p><span style=\"font-weight: 400;\">Liens et biais en soie duchesse noire.<\/span><\/p>\n<p><span style=\"font-weight: 400;\">Longueur : 72 cm.<\/span><\/p>\n<p><span style=\"font-weight: 400;\">La mod\u00e8le mesure 1,72 m.<\/span><\/p>\n","protected":false},"excerpt":{"rendered":"<p>Robe mini dos nu \u00e0 nouer dans le dos en sequins motif l\u00e9opard. Coupe ajust\u00e9e. Liens et biais en soie duchesse noire.&hellip;<\/p>\n","protected":false},"featured_media":371757,"template":"","meta":[],"product_brand":[],"product_cat":[913],"product_tag":[],"class_list":{"0":"post-379779","1":"product","2":"type-product","3":"status-publish","4":"has-post-thumbnail","6":"product_cat-ready-to-ship","8":"first","9":"instock","10":"taxable","11":"shipping-taxable","12":"purchasable","13":"product-type-variable"},"_links":{"self":[{"href":"https:\/\/maisoncleo.com\/fr\/wp-json\/wp\/v2\/product\/379779","targetHints":{"allow":["GET"]}}],"collection":[{"href":"https:\/\/maisoncleo.com\/fr\/wp-json\/wp\/v2\/product"}],"about":[{"href":"https:\/\/maisoncleo.com\/fr\/wp-json\/wp\/v2\/types\/product"}],"version-history":[{"count":3,"href":"https:\/\/maisoncleo.com\/fr\/wp-json\/wp\/v2\/product\/379779\/revisions"}],"predecessor-version":[{"id":379795,"href":"https:\/\/maisoncleo.com\/fr\/wp-json\/wp\/v2\/product\/379779\/revisions\/379795"}],"wp:featuredmedia":[{"embeddable":true,"href":"https:\/\/maisoncleo.com\/fr\/wp-json\/wp\/v2\/media\/371757"}],"wp:attachment":[{"href":"https:\/\/maisoncleo.com\/fr\/wp-json\/wp\/v2\/media?parent=379779"}],"wp:term":[{"taxonomy":"product_brand","embeddable":true,"href":"https:\/\/maisoncleo.com\/fr\/wp-json\/wp\/v2\/product_brand?post=379779"},{"taxonomy":"product_cat","embeddable":true,"href":"https:\/\/maisoncleo.com\/fr\/wp-json\/wp\/v2\/product_cat?post=379779"},{"taxonomy":"product_tag","embeddable":true,"href":"https:\/\/maisoncleo.com\/fr\/wp-json\/wp\/v2\/product_tag?post=379779"}],"curies":[{"name":"wp","href":"https:\/\/api.w.org\/{rel}","templated":true}]}}