{"id":379513,"date":"2025-01-01T01:09:34","date_gmt":"2024-12-31T23:09:35","guid":{"rendered":"https:\/\/maisoncleo.com\/?post_type=product&#038;p=379513"},"modified":"2025-01-01T01:12:46","modified_gmt":"2024-12-31T23:12:46","slug":"la-poupette-defile-look-6-robe-en-velours-noir-brianne-avec-noeuds-en-satin-copy","status":"publish","type":"product","link":"https:\/\/maisoncleo.com\/fr\/shop\/la-poupette-defile-look-6-robe-en-velours-noir-brianne-avec-noeuds-en-satin-copy\/","title":{"rendered":"READY-TO-SHIP &#8211; Robe en velours noir BRIANNE avec noeuds en satin"},"content":{"rendered":"<p>Quand le velours rencontre le satin.<\/p>\n<p>Robe en velours noir avec noeuds en satin blanc cass\u00e9, d\u00e9collet\u00e9 en carr\u00e9, sans manches. A porter l&rsquo;hiver au dessus d&rsquo;un pull col roul\u00e9 en cachemire ou une blouse chemise \u00e0 manches longues. Noeuds en satin cousus sur le devant, poche avant.<\/p>\n<p><span style=\"font-size: 1.7rem;\">Longueur : 80 cm.<\/span><\/p>\n<p><span style=\"font-size: 1.7rem;\">La mod\u00e8le mesure 1m75 et porte une taille S-36.<\/span><\/p>\n","protected":false},"excerpt":{"rendered":"<p>Quand le velours rencontre le satin. Robe en velours noir avec noeuds en satin blanc cass\u00e9, d\u00e9collet\u00e9 en carr\u00e9, sans manches. A&hellip;<\/p>\n","protected":false},"featured_media":353247,"template":"","meta":[],"product_brand":[],"product_cat":[913],"product_tag":[],"class_list":{"0":"post-379513","1":"product","2":"type-product","3":"status-publish","4":"has-post-thumbnail","6":"product_cat-ready-to-ship","8":"first","9":"instock","10":"taxable","11":"shipping-taxable","12":"purchasable","13":"product-type-variable"},"_links":{"self":[{"href":"https:\/\/maisoncleo.com\/fr\/wp-json\/wp\/v2\/product\/379513","targetHints":{"allow":["GET"]}}],"collection":[{"href":"https:\/\/maisoncleo.com\/fr\/wp-json\/wp\/v2\/product"}],"about":[{"href":"https:\/\/maisoncleo.com\/fr\/wp-json\/wp\/v2\/types\/product"}],"version-history":[{"count":2,"href":"https:\/\/maisoncleo.com\/fr\/wp-json\/wp\/v2\/product\/379513\/revisions"}],"predecessor-version":[{"id":379523,"href":"https:\/\/maisoncleo.com\/fr\/wp-json\/wp\/v2\/product\/379513\/revisions\/379523"}],"wp:featuredmedia":[{"embeddable":true,"href":"https:\/\/maisoncleo.com\/fr\/wp-json\/wp\/v2\/media\/353247"}],"wp:attachment":[{"href":"https:\/\/maisoncleo.com\/fr\/wp-json\/wp\/v2\/media?parent=379513"}],"wp:term":[{"taxonomy":"product_brand","embeddable":true,"href":"https:\/\/maisoncleo.com\/fr\/wp-json\/wp\/v2\/product_brand?post=379513"},{"taxonomy":"product_cat","embeddable":true,"href":"https:\/\/maisoncleo.com\/fr\/wp-json\/wp\/v2\/product_cat?post=379513"},{"taxonomy":"product_tag","embeddable":true,"href":"https:\/\/maisoncleo.com\/fr\/wp-json\/wp\/v2\/product_tag?post=379513"}],"curies":[{"name":"wp","href":"https:\/\/api.w.org\/{rel}","templated":true}]}}