{"id":379408,"date":"2025-01-01T00:32:10","date_gmt":"2024-12-31T22:32:11","guid":{"rendered":"https:\/\/maisoncleo.com\/?post_type=product&#038;p=379408"},"modified":"2025-01-01T00:34:20","modified_gmt":"2024-12-31T22:34:20","slug":"runway-look-47-jupe-longue-ornee-decailles-de-sirene-blanche-cassees-copy","status":"publish","type":"product","link":"https:\/\/maisoncleo.com\/fr\/shop\/runway-look-47-jupe-longue-ornee-decailles-de-sirene-blanche-cassees-copy\/","title":{"rendered":"READY-TO-SHIP &#8211; Jupe longue orn\u00e9e d&rsquo;\u00e9cailles de sir\u00e8ne blanche cass\u00e9es"},"content":{"rendered":"<p>Jupe longue orn\u00e9e d&rsquo;\u00e9cailles de sir\u00e8ne blanche cass\u00e9es. Ajust\u00e9e, taille basse. Fente arri\u00e8re.<\/p>\n<p>LOOK 47 issu de notre premier d\u00e9fil\u00e9 \u00ab\u00a0Premi\u00e8re Fois\u00a0\u00bb en mars 2022.<\/p>\n<p>La mod\u00e8le mesure 1m75 et porte une taille S-36.<\/p>\n","protected":false},"excerpt":{"rendered":"<p>Jupe longue orn\u00e9e d&rsquo;\u00e9cailles de sir\u00e8ne blanche cass\u00e9es. Ajust\u00e9e, taille basse. Fente arri\u00e8re. LOOK 47 issu de notre premier d\u00e9fil\u00e9 \u00ab\u00a0Premi\u00e8re Fois\u00a0\u00bb&hellip;<\/p>\n","protected":false},"featured_media":342627,"template":"","meta":[],"product_brand":[],"product_cat":[913],"product_tag":[],"class_list":{"0":"post-379408","1":"product","2":"type-product","3":"status-publish","4":"has-post-thumbnail","6":"product_cat-ready-to-ship","8":"first","9":"instock","10":"taxable","11":"shipping-taxable","12":"purchasable","13":"product-type-variable"},"_links":{"self":[{"href":"https:\/\/maisoncleo.com\/fr\/wp-json\/wp\/v2\/product\/379408","targetHints":{"allow":["GET"]}}],"collection":[{"href":"https:\/\/maisoncleo.com\/fr\/wp-json\/wp\/v2\/product"}],"about":[{"href":"https:\/\/maisoncleo.com\/fr\/wp-json\/wp\/v2\/types\/product"}],"version-history":[{"count":2,"href":"https:\/\/maisoncleo.com\/fr\/wp-json\/wp\/v2\/product\/379408\/revisions"}],"predecessor-version":[{"id":379418,"href":"https:\/\/maisoncleo.com\/fr\/wp-json\/wp\/v2\/product\/379408\/revisions\/379418"}],"wp:featuredmedia":[{"embeddable":true,"href":"https:\/\/maisoncleo.com\/fr\/wp-json\/wp\/v2\/media\/342627"}],"wp:attachment":[{"href":"https:\/\/maisoncleo.com\/fr\/wp-json\/wp\/v2\/media?parent=379408"}],"wp:term":[{"taxonomy":"product_brand","embeddable":true,"href":"https:\/\/maisoncleo.com\/fr\/wp-json\/wp\/v2\/product_brand?post=379408"},{"taxonomy":"product_cat","embeddable":true,"href":"https:\/\/maisoncleo.com\/fr\/wp-json\/wp\/v2\/product_cat?post=379408"},{"taxonomy":"product_tag","embeddable":true,"href":"https:\/\/maisoncleo.com\/fr\/wp-json\/wp\/v2\/product_tag?post=379408"}],"curies":[{"name":"wp","href":"https:\/\/api.w.org\/{rel}","templated":true}]}}