{"id":379371,"date":"2025-01-01T00:24:24","date_gmt":"2024-12-31T22:24:25","guid":{"rendered":"https:\/\/maisoncleo.com\/?post_type=product&#038;p=379371"},"modified":"2025-01-01T00:27:11","modified_gmt":"2024-12-31T22:27:11","slug":"la-poupette-defile-look-29-long-manteau-gladez-en-denim-bleu-marine-avec-pois-blancs-et-fausse-fourrure-copy","status":"publish","type":"product","link":"https:\/\/maisoncleo.com\/fr\/shop\/la-poupette-defile-look-29-long-manteau-gladez-en-denim-bleu-marine-avec-pois-blancs-et-fausse-fourrure-copy\/","title":{"rendered":"READY-TO-SHIP &#8211; Long manteau GLADEZ en denim bleu marine avec pois blancs et fausse fourrure"},"content":{"rendered":"<p>Long manteau en denim bleu marine avec pois blancs en mati\u00e8re imperm\u00e9able et fausse fourrure. Mati\u00e8re provenant d&rsquo;une maison de Haute-Couture fran\u00e7aise.<\/p>\n<p>Fausse fourrure blanche sur le col, confortable et douce. Double longs liens sur les c\u00f4t\u00e9 pour le fermer sur le devant.<\/p>\n<p>Longueur XXL pour l&rsquo;extravagance. Queen vibe &lt;3<\/p>\n<p>Longueur : 142 cm.<\/p>\n<p>La mod\u00e8le mesure 1m75 et porte une taille S-36.<\/p>\n","protected":false},"excerpt":{"rendered":"<p>Long manteau en denim bleu marine avec pois blancs en mati\u00e8re imperm\u00e9able et fausse fourrure. Mati\u00e8re provenant d&rsquo;une maison de Haute-Couture fran\u00e7aise.&hellip;<\/p>\n","protected":false},"featured_media":352632,"template":"","meta":[],"product_brand":[],"product_cat":[913],"product_tag":[],"class_list":{"0":"post-379371","1":"product","2":"type-product","3":"status-publish","4":"has-post-thumbnail","6":"product_cat-ready-to-ship","8":"first","9":"instock","10":"taxable","11":"shipping-taxable","12":"purchasable","13":"product-type-variable"},"_links":{"self":[{"href":"https:\/\/maisoncleo.com\/fr\/wp-json\/wp\/v2\/product\/379371","targetHints":{"allow":["GET"]}}],"collection":[{"href":"https:\/\/maisoncleo.com\/fr\/wp-json\/wp\/v2\/product"}],"about":[{"href":"https:\/\/maisoncleo.com\/fr\/wp-json\/wp\/v2\/types\/product"}],"version-history":[{"count":2,"href":"https:\/\/maisoncleo.com\/fr\/wp-json\/wp\/v2\/product\/379371\/revisions"}],"predecessor-version":[{"id":379381,"href":"https:\/\/maisoncleo.com\/fr\/wp-json\/wp\/v2\/product\/379371\/revisions\/379381"}],"wp:featuredmedia":[{"embeddable":true,"href":"https:\/\/maisoncleo.com\/fr\/wp-json\/wp\/v2\/media\/352632"}],"wp:attachment":[{"href":"https:\/\/maisoncleo.com\/fr\/wp-json\/wp\/v2\/media?parent=379371"}],"wp:term":[{"taxonomy":"product_brand","embeddable":true,"href":"https:\/\/maisoncleo.com\/fr\/wp-json\/wp\/v2\/product_brand?post=379371"},{"taxonomy":"product_cat","embeddable":true,"href":"https:\/\/maisoncleo.com\/fr\/wp-json\/wp\/v2\/product_cat?post=379371"},{"taxonomy":"product_tag","embeddable":true,"href":"https:\/\/maisoncleo.com\/fr\/wp-json\/wp\/v2\/product_tag?post=379371"}],"curies":[{"name":"wp","href":"https:\/\/api.w.org\/{rel}","templated":true}]}}