{"id":379189,"date":"2024-12-31T21:18:49","date_gmt":"2024-12-31T19:18:50","guid":{"rendered":"https:\/\/maisoncleo.com\/?post_type=product&#038;p=379189"},"modified":"2024-12-31T21:25:45","modified_gmt":"2024-12-31T19:25:45","slug":"mini-jupe-tricotee-en-laine-douce-ecrue-a-volants-mona-copy","status":"publish","type":"product","link":"https:\/\/maisoncleo.com\/fr\/shop\/mini-jupe-tricotee-en-laine-douce-ecrue-a-volants-mona-copy\/","title":{"rendered":"READY-TO-SHIP &#8211; Mini jupe tricot\u00e9e en laine douce \u00e9crue \u00e0 volants MONA"},"content":{"rendered":"<p>Mini jupe tricot\u00e9e en laine douce \u00e9crue \u00e0 volants.<\/p>\n<p>Taille \u00e9lastiqu\u00e9e, coupe ajust\u00e9e. Motifs damier, volant\u00e9e sur la partie inf\u00e9rieure. Petit noeud sur la ceinture. Laine douce. Elle n&rsquo;est pas transparente.<\/p>\n<p>La mod\u00e8le mesure 1m75 et porte une taille S-36.<\/p>\n","protected":false},"excerpt":{"rendered":"<p>Mini jupe tricot\u00e9e en laine douce \u00e9crue \u00e0 volants. Taille \u00e9lastiqu\u00e9e, coupe ajust\u00e9e. Motifs damier, volant\u00e9e sur la partie inf\u00e9rieure. Petit noeud&hellip;<\/p>\n","protected":false},"featured_media":347271,"template":"","meta":[],"product_brand":[],"product_cat":[913],"product_tag":[],"class_list":{"0":"post-379189","1":"product","2":"type-product","3":"status-publish","4":"has-post-thumbnail","6":"product_cat-ready-to-ship","8":"first","9":"instock","10":"taxable","11":"shipping-taxable","12":"purchasable","13":"product-type-variable"},"_links":{"self":[{"href":"https:\/\/maisoncleo.com\/fr\/wp-json\/wp\/v2\/product\/379189","targetHints":{"allow":["GET"]}}],"collection":[{"href":"https:\/\/maisoncleo.com\/fr\/wp-json\/wp\/v2\/product"}],"about":[{"href":"https:\/\/maisoncleo.com\/fr\/wp-json\/wp\/v2\/types\/product"}],"version-history":[{"count":2,"href":"https:\/\/maisoncleo.com\/fr\/wp-json\/wp\/v2\/product\/379189\/revisions"}],"predecessor-version":[{"id":379199,"href":"https:\/\/maisoncleo.com\/fr\/wp-json\/wp\/v2\/product\/379189\/revisions\/379199"}],"wp:featuredmedia":[{"embeddable":true,"href":"https:\/\/maisoncleo.com\/fr\/wp-json\/wp\/v2\/media\/347271"}],"wp:attachment":[{"href":"https:\/\/maisoncleo.com\/fr\/wp-json\/wp\/v2\/media?parent=379189"}],"wp:term":[{"taxonomy":"product_brand","embeddable":true,"href":"https:\/\/maisoncleo.com\/fr\/wp-json\/wp\/v2\/product_brand?post=379189"},{"taxonomy":"product_cat","embeddable":true,"href":"https:\/\/maisoncleo.com\/fr\/wp-json\/wp\/v2\/product_cat?post=379189"},{"taxonomy":"product_tag","embeddable":true,"href":"https:\/\/maisoncleo.com\/fr\/wp-json\/wp\/v2\/product_tag?post=379189"}],"curies":[{"name":"wp","href":"https:\/\/api.w.org\/{rel}","templated":true}]}}