{"id":379085,"date":"2024-12-31T20:24:40","date_gmt":"2024-12-31T18:24:40","guid":{"rendered":"https:\/\/maisoncleo.com\/?post_type=product&#038;p=379085"},"modified":"2024-12-31T20:29:23","modified_gmt":"2024-12-31T18:29:23","slug":"runway-look-34-mini-jupe-imprime-en-jean-avec-boucle-vintage-rose-copy","status":"publish","type":"product","link":"https:\/\/maisoncleo.com\/fr\/shop\/runway-look-34-mini-jupe-imprime-en-jean-avec-boucle-vintage-rose-copy\/","title":{"rendered":"READY-TO-SHIP &#8211; Mini jupe imprim\u00e9 en jean avec boucle vintage"},"content":{"rendered":"<p>Mini jupe imprim\u00e9e en jean, coupe droite. Fermeture \u00e9clair dans le dos. Boucle de ceinture vintage transparent comme sur la derni\u00e8re photo. 2 boutons grav\u00e9s \u00ab\u00a0MaisonCl\u00e9o\u00a0\u00bb sur les c\u00f4t\u00e9s.<\/p>\n<p>LOOK 34 issu de notre premier d\u00e9fil\u00e9 \u00ab\u00a0Premi\u00e8re Fois\u00a0\u00bb en mars 2022.<\/p>\n<p>La mod\u00e8le mesure 1m75 et porte une taille S-36.<\/p>\n","protected":false},"excerpt":{"rendered":"<p>Mini jupe imprim\u00e9e en jean, coupe droite. Fermeture \u00e9clair dans le dos. Boucle de ceinture vintage transparent comme sur la derni\u00e8re photo.&hellip;<\/p>\n","protected":false},"featured_media":342557,"template":"","meta":[],"product_brand":[],"product_cat":[913],"product_tag":[],"class_list":{"0":"post-379085","1":"product","2":"type-product","3":"status-publish","4":"has-post-thumbnail","6":"product_cat-ready-to-ship","8":"first","9":"instock","10":"taxable","11":"shipping-taxable","12":"purchasable","13":"product-type-variable"},"_links":{"self":[{"href":"https:\/\/maisoncleo.com\/fr\/wp-json\/wp\/v2\/product\/379085","targetHints":{"allow":["GET"]}}],"collection":[{"href":"https:\/\/maisoncleo.com\/fr\/wp-json\/wp\/v2\/product"}],"about":[{"href":"https:\/\/maisoncleo.com\/fr\/wp-json\/wp\/v2\/types\/product"}],"version-history":[{"count":2,"href":"https:\/\/maisoncleo.com\/fr\/wp-json\/wp\/v2\/product\/379085\/revisions"}],"predecessor-version":[{"id":379104,"href":"https:\/\/maisoncleo.com\/fr\/wp-json\/wp\/v2\/product\/379085\/revisions\/379104"}],"wp:featuredmedia":[{"embeddable":true,"href":"https:\/\/maisoncleo.com\/fr\/wp-json\/wp\/v2\/media\/342557"}],"wp:attachment":[{"href":"https:\/\/maisoncleo.com\/fr\/wp-json\/wp\/v2\/media?parent=379085"}],"wp:term":[{"taxonomy":"product_brand","embeddable":true,"href":"https:\/\/maisoncleo.com\/fr\/wp-json\/wp\/v2\/product_brand?post=379085"},{"taxonomy":"product_cat","embeddable":true,"href":"https:\/\/maisoncleo.com\/fr\/wp-json\/wp\/v2\/product_cat?post=379085"},{"taxonomy":"product_tag","embeddable":true,"href":"https:\/\/maisoncleo.com\/fr\/wp-json\/wp\/v2\/product_tag?post=379085"}],"curies":[{"name":"wp","href":"https:\/\/api.w.org\/{rel}","templated":true}]}}